{"id":10,"date":"2021-03-04T15:38:54","date_gmt":"2021-03-04T14:38:54","guid":{"rendered":"https:\/\/www.aeroclubduplandedieu.fr\/wordpress\/?page_id=10"},"modified":"2025-12-10T16:30:00","modified_gmt":"2025-12-10T15:30:00","slug":"notre-activite","status":"publish","type":"page","link":"https:\/\/www.aeroclubduplandedieu.fr\/2021\/notre-activite\/","title":{"rendered":"Notre activit\u00e9"},"content":{"rendered":"\n<div class=\"wp-block-media-text alignwide is-stacked-on-mobile\" style=\"grid-template-columns:32% auto\"><figure class=\"wp-block-media-text__media\"><img loading=\"lazy\" decoding=\"async\" width=\"392\" height=\"170\" src=\"https:\/\/www.aeroclubduplandedieu.fr\/wordpress\/wp-content\/uploads\/2021\/10\/logo-seul.jpg\" alt=\"\" class=\"wp-image-873 size-full\" srcset=\"https:\/\/www.aeroclubduplandedieu.fr\/wordpress\/wp-content\/uploads\/2021\/10\/logo-seul.jpg 392w, https:\/\/www.aeroclubduplandedieu.fr\/wordpress\/wp-content\/uploads\/2021\/10\/logo-seul-300x130.jpg 300w\" sizes=\"auto, (max-width: 392px) 100vw, 392px\" \/><\/figure><div class=\"wp-block-media-text__content\">\n<p class=\"has-medium-font-size\">L&rsquo;a\u00e9roclub du Plan de Dieu vous propose de d\u00e9couvrir progressivement les plaisirs du vol en avion. <\/p>\n\n\n\n<p class=\"has-medium-font-size\">Vous pourrez commencer par un vol d\u00e9couverte (bapt\u00eame de l&rsquo;air). Puis pousuivre par des vols d&rsquo;initiation au pilotage.<\/p>\n\n\n\n<p class=\"has-medium-font-size\">Et enfin, au sein de notre \u00e9cole D.T.O. progresser vers une formation compl\u00e8te de pilote priv\u00e9.<\/p>\n\n\n\n<p class=\"has-medium-font-size\">Les plus motiv\u00e9s pourront ensuite s&rsquo;orienter vers une carri\u00e8re professionnelle et rejoindre ceux qui ont d\u00e9j\u00e0 suivi cette trajectoire gr\u00e2ce \u00e0 notre a\u00e9roclub. <\/p>\n<\/div><\/div>\n\n\n\n<ul class=\"wp-block-list has-medium-font-size\">\n<li><a href=\"https:\/\/www.aeroclubduplandedieu.fr\/2021\/vol-decouverte\/\" data-type=\"URL\" data-id=\"https:\/\/www.aeroclubduplandedieu.fr\/2021\/vol-decouverte\/\" target=\"_blank\" rel=\"noreferrer noopener\"><strong>Vol d\u00e9couverte<\/strong><\/a> <\/li>\n<\/ul>\n\n\n\n<p class=\"has-medium-font-size\">L\u2019a\u00e9roclub du Plan de Dieu vous propose des promenades a\u00e9riennes autour des Dentelles de Montmirail avec un survol de Vaison-la-Romaine, Malauc\u00e8ne, Le Baroux, Caromb, Beaumes-de-Venise et Vacqueyras.<\/p>\n\n\n\n<p class=\"has-normal-font-size\"><\/p>\n\n\n\n<p class=\"has-medium-font-size\">Trois passagers maximum par vol.<\/p>\n\n\n\n<ul class=\"wp-block-list has-medium-font-size\">\n<li>165,00\u20ac pour 30 minutes de vol.<\/li>\n<\/ul>\n\n\n\n<p class=\"has-medium-font-size\"><strong><em>RESERVATION IMPERATIVE DEUX JOURS AVANT LA REALISATION AU 06 85 53 72 83<\/em><\/strong><\/p>\n\n\n\n<p class=\"has-medium-font-size\"><strong>AEROCLUB&nbsp; DU&nbsp; PLAN&nbsp; DE&nbsp; DIEU<\/strong>  <strong>37 Route de Sablet<\/strong>   <strong>84850 TRAVAILLAN<\/strong> <\/p>\n\n\n\n<p class=\"has-medium-font-size\"><strong>Courriel&nbsp;:&nbsp;<\/strong><a href=\"mailto:secretaire@acpdd.fr\"><strong>secretaire@acpdd.fr<\/strong><\/a><\/p>\n\n\n\n<p class=\"has-medium-font-size\"><em>Accueil assur\u00e9 les mercredis, samedis et dimanches<\/em>  <em>de 9h30 \u00e0 12hOO et de 14h30 \u00e0 17h30<\/em> <\/p>\n\n\n\n<h2 class=\"wp-block-heading has-medium-font-size\" id=\"la-formation-au-pilotage\">La formation au pilotage<\/h2>\n\n\n\n<ul class=\"wp-block-list has-medium-font-size\">\n<li><strong><span class=\"underline\" style=\"text-decoration: underline\"><a href=\"https:\/\/www.aeroclubduplandedieu.fr\/2021\/vol-dinitiation-au-pilotage\/\" data-type=\"URL\" data-id=\"https:\/\/www.aeroclubduplandedieu.fr\/2021\/vol-dinitiation-au-pilotage\/\" target=\"_blank\" rel=\"noreferrer noopener\">Le Vol d&rsquo;initiation au pilotage<\/a><\/span><\/strong><\/li>\n<\/ul>\n\n\n\n<p class=\"has-medium-font-size\">  Au sein de l\u2019a\u00e9roclub de Plan de Dieu, vous pourrez prendre les commandes d\u2019un avion de tourisme biplace avec un de nos instructeurs. Briefing th\u00e9orique, visite pr\u00e9vol, d\u00e9collage, contr\u00f4le de la trajectoire, \u2026 vous serez plong\u00e9 dans l\u2019univers d\u2019un \u00e9l\u00e8ve pilote!<\/p>\n\n\n\n<ul class=\"wp-block-list has-medium-font-size\">\n<li><strong><u><a href=\"https:\/\/www.aeroclubduplandedieu.fr\/2021\/a-b-l\/\" data-type=\"URL\" data-id=\"https:\/\/www.aeroclubduplandedieu.fr\/2021\/a-b-l\/\" target=\"_blank\" rel=\"noreferrer noopener\">L\u2019Autorisation de base LAPL (ABL)<\/a><\/u><\/strong><\/li>\n<\/ul>\n\n\n\n<p class=\"has-medium-font-size\">Elle permet de voler seul \u00e0 bord d\u00e8s 16 ans, dans un rayon de 46Km autour de l\u2019A\u00e9rodrome de d\u00e9part, apr\u00e8s 25 \u00e0 30 heures de vol. Elle est le pr\u00e9alable \u00e0 la LAPL.<\/p>\n\n\n\n<ul class=\"wp-block-list has-medium-font-size\">\n<li><strong><u><a href=\"https:\/\/www.aeroclubduplandedieu.fr\/2021\/l-a-p-l\/\" data-type=\"URL\" data-id=\"https:\/\/www.aeroclubduplandedieu.fr\/2021\/l-a-p-l\/\" target=\"_blank\" rel=\"noreferrer noopener\">La Licence LAPL<\/a><\/u><\/strong><\/li>\n<\/ul>\n\n\n\n<p class=\"has-medium-font-size\">Elle vous permet de voler seul \u00e0 bord d\u00e8s 17 ans en Europe. Comptez 30 \u00e0 40 heures de vol et la r\u00e9ussite aux \u00e9preuves th\u00e9oriques et pratiques. Sous couvert de 10 heures de vol suppl\u00e9mentaires, elle vous permet d\u2019emmener jusqu\u2019\u00e0 trois passagers. <\/p>\n\n\n\n<ul class=\"wp-block-list has-medium-font-size\">\n<li><strong><u><a href=\"https:\/\/www.aeroclubduplandedieu.fr\/2021\/p-p-l\/\" data-type=\"URL\" data-id=\"https:\/\/www.aeroclubduplandedieu.fr\/2021\/p-p-l\/\" target=\"_blank\" rel=\"noreferrer noopener\">La Licence de Pilote Priv\u00e9 (PPL)<\/a><\/u><\/strong><\/li>\n<\/ul>\n\n\n\n<p class=\"has-medium-font-size\">Elle permet l\u2019emport de passagers sans r\u00e9mun\u00e9ration et sans restriction de distance, sur avion monomoteur \u00e0 piston, apr\u00e8s environ 50 \u00e0 60 heures de vol. Elle est le premier pas vers une \u00e9ventuelle carri\u00e8re de pilote professionnel.<\/p>\n\n\n\n<p class=\"has-medium-font-size\">Pour lesJeunes de moins de 21 ans,<strong>&nbsp;la F\u00e9d\u00e9ration Fran\u00e7aise A\u00e9ronautique&nbsp;<\/strong>alloue des bourses au cours de la formation&nbsp;: lors du premier L\u00e2cher en solo et \u00e0 la r\u00e9ussite \u00e0 l\u2019examen th\u00e9orique.<\/p>\n\n\n\n<h2 class=\"wp-block-heading has-medium-font-size\" id=\"le-perfectionnement\">Le perfectionnement<\/h2>\n\n\n\n<ul class=\"wp-block-list has-medium-font-size\">\n<li>Voyages en France et \u00e0 l\u2019\u00e9tranger<\/li>\n\n\n\n<li>Survols maritime (Corse)<\/li>\n\n\n\n<li>Renouvellement et prorogation SEP<\/li>\n<\/ul>\n\n\n\n<p><strong><em><u>A jour en d\u00e9cembre 2025<\/u><\/em><\/strong><\/p>\n\n\n\n<p class=\"has-medium-font-size\"><strong><u>INSCRIPTIONS \u2013 TARIFS \u2013 RENSEIGNEMENTS UTILES<\/u>&nbsp;\u2013&nbsp;<u>INSCRIPTIONS<\/u><\/strong><\/p>\n\n\n\n<ul class=\"wp-block-list has-medium-font-size\">\n<li>Avoir plus de 14 ans <\/li>\n\n\n\n<li>Un certificat m\u00e9dical de Classe 2<\/li>\n\n\n\n<li>Une pi\u00e8ce d\u2019identit\u00e9<\/li>\n\n\n\n<li>Une autorisation parentale des deux parents pour les mineurs<\/li>\n\n\n\n<li>Un justificatif de domicile de moins de trois mois pour les \u00e9l\u00e8ves pilote<\/li>\n\n\n\n<li>Les licences et qualifications \u00e0 jours pour les pilotes<\/li>\n\n\n\n<li>Deux photos d\u2019identit\u00e9<\/li>\n\n\n\n<li>Un moyen de paiement<\/li>\n<\/ul>\n\n\n\n<figure class=\"wp-block-table is-style-stripes has-medium-font-size\"><table><tbody><tr><td><strong><u>TARIFS<\/u><\/strong><\/td><td>&gt; ou = 21 ans<\/td><td>&lt; 21 ans<\/td><\/tr><tr><td>Droit d\u2019adh\u00e9sion (\u00e0 la premi\u00e8re inscription)<strong><u><\/u><\/strong><\/td><td>80,00\u20ac<\/td><td>40,00\u20ac<strong><u><\/u><\/strong><\/td><\/tr><tr><td>Cotisation a\u00e9roclub&nbsp;&nbsp;&nbsp;&nbsp;&nbsp;&nbsp;&nbsp;<strong><u><\/u><\/strong><\/td><td>165,00&nbsp;&nbsp;<\/td><td>85,00\u20ac<\/td><\/tr><tr><td>Cotisation F\u00e9d\u00e9ration Fran\u00e7aise A\u00e9ronautique (FFA)<strong><u><\/u><\/strong><\/td><td>96,00\u20ac\u00a0\u00a0<\/td><td>96,00\u20ac<\/td><\/tr><tr><td>Cotisation FFA avec abonnement Info-Pilote<strong><u><\/u><\/strong><\/td><td>145,00\u20ac<\/td><td>145,00\u20ac\u00a0\u00a0\u00a0\u00a0\u00a0\u00a0\u00a0\u00a0\u00a0\u00a0\u00a0\u00a0\u00a0\u00a0\u00a0<\/td><\/tr><\/tbody><\/table><\/figure>\n\n\n\n<figure class=\"wp-block-table is-style-stripes has-medium-font-size\"><table><thead><tr><th><strong><u>TARIFS AVIONS A L\u2019HEURE DE VOL<\/u><\/strong><\/th><th><\/th><th><\/th><th>Solo<\/th><th>Instruction<\/th><\/tr><\/thead><tbody><tr><td>P2002 100 cv F-HUNN<\/td><td>2 places<\/td><td>Ecole<\/td><td>127,00\u20ac<\/td><td>137,00\u20ac<\/td><\/tr><tr><td>DR400 120 cv  F-GFXD<\/td><td>2+2 places<\/td><td>Ecole<\/td><td>127,00\u20ac<\/td><td>137,00\u20ac<\/td><\/tr><tr><td>DR400&nbsp;160 cv F-GLDA<\/td><td>4 places&nbsp;&nbsp;&nbsp;&nbsp;&nbsp;&nbsp;&nbsp;&nbsp;&nbsp;&nbsp;&nbsp;<\/td><td>Navigation<\/td><td>151,00\u20ac<\/td><td>161,00\u20ac<\/td><\/tr><tr><td>P2010&nbsp;180 cv F- HSAX<\/td><td>4 places&nbsp;&nbsp;&nbsp;&nbsp;&nbsp;&nbsp;&nbsp;&nbsp;&nbsp;&nbsp;&nbsp;<\/td><td>Voyage<\/td><td>161,00\u20ac<\/td><td>171,00\u20ac<\/td><\/tr><\/tbody><\/table><\/figure>\n\n\n\n<figure class=\"wp-block-image size-large is-style-rounded\"><img loading=\"lazy\" decoding=\"async\" width=\"1024\" height=\"739\" src=\"https:\/\/www.aeroclubduplandedieu.fr\/wordpress\/wp-content\/uploads\/2021\/07\/2021_A115_091_K_001_080-1024x739.jpg\" alt=\"\" class=\"wp-image-497\" srcset=\"https:\/\/www.aeroclubduplandedieu.fr\/wordpress\/wp-content\/uploads\/2021\/07\/2021_A115_091_K_001_080-1024x739.jpg 1024w, https:\/\/www.aeroclubduplandedieu.fr\/wordpress\/wp-content\/uploads\/2021\/07\/2021_A115_091_K_001_080-300x217.jpg 300w, https:\/\/www.aeroclubduplandedieu.fr\/wordpress\/wp-content\/uploads\/2021\/07\/2021_A115_091_K_001_080-768x555.jpg 768w, https:\/\/www.aeroclubduplandedieu.fr\/wordpress\/wp-content\/uploads\/2021\/07\/2021_A115_091_K_001_080-1536x1109.jpg 1536w, https:\/\/www.aeroclubduplandedieu.fr\/wordpress\/wp-content\/uploads\/2021\/07\/2021_A115_091_K_001_080-2048x1479.jpg 2048w\" sizes=\"auto, (max-width: 1024px) 100vw, 1024px\" \/><\/figure>\n\n\n\n<p class=\"has-medium-font-size\"><strong><u>MEDECINS AERONAUTIQUES<\/u><\/strong><\/p>\n\n\n\n<p class=\"has-small-font-size\">Habilit\u00e9s \u00e0 d\u00e9livrer les certificats m\u00e9dicaux de Classe 2<\/p>\n\n\n\n<ul class=\"wp-block-list has-medium-font-size\">\n<li>ORANGE&nbsp;: Dr Michel DECONINCK&nbsp;&nbsp;&nbsp;&nbsp;06 82 67 56 92&nbsp;&nbsp;&nbsp; Cabinet M\u00e9dical Coudoulet Rue Albin Durand<\/li>\n\n\n\n<li>MORIERES les\/Avignon : Dr J-P PRADELLE&nbsp;&nbsp;&nbsp; 04 90 33 36 71&nbsp;&nbsp;&nbsp;&nbsp;&nbsp; &nbsp;Cabinet M\u00e9dical 880 Avenue Folard<\/li>\n\n\n\n<li>AVIGNON&nbsp;: Dr Philippe CARE &nbsp;&nbsp;&nbsp;&nbsp;&nbsp;&nbsp;&nbsp;&nbsp;&nbsp;&nbsp; 04 90 86 05 94&nbsp;&nbsp;&nbsp;&nbsp;&nbsp;&nbsp;&nbsp;17 avenue du Blanchissage<\/li>\n<\/ul>\n\n\n\n<figure class=\"wp-block-image size-large is-style-default\"><img loading=\"lazy\" decoding=\"async\" width=\"1024\" height=\"228\" src=\"https:\/\/www.aeroclubduplandedieu.fr\/wordpress\/wp-content\/uploads\/2021\/11\/en-vol-1024x228.jpg\" alt=\"\" class=\"wp-image-1143\" srcset=\"https:\/\/www.aeroclubduplandedieu.fr\/wordpress\/wp-content\/uploads\/2021\/11\/en-vol-1024x228.jpg 1024w, https:\/\/www.aeroclubduplandedieu.fr\/wordpress\/wp-content\/uploads\/2021\/11\/en-vol-300x67.jpg 300w, https:\/\/www.aeroclubduplandedieu.fr\/wordpress\/wp-content\/uploads\/2021\/11\/en-vol-768x171.jpg 768w, https:\/\/www.aeroclubduplandedieu.fr\/wordpress\/wp-content\/uploads\/2021\/11\/en-vol-1536x342.jpg 1536w, https:\/\/www.aeroclubduplandedieu.fr\/wordpress\/wp-content\/uploads\/2021\/11\/en-vol-2048x456.jpg 2048w\" sizes=\"auto, (max-width: 1024px) 100vw, 1024px\" \/><\/figure>\n\n\n\n<p><\/p>\n","protected":false},"excerpt":{"rendered":"<p>L&rsquo;a\u00e9roclub du Plan de Dieu vous propose de d\u00e9couvrir progressivement les plaisirs du vol en avion. Vous pourrez commencer par un vol d\u00e9couverte (bapt\u00eame de l&rsquo;air). Puis pousuivre par des [&hellip;]<\/p>\n","protected":false},"author":1,"featured_media":2520,"parent":0,"menu_order":0,"comment_status":"closed","ping_status":"closed","template":"page-fullwidth.php","meta":{"footnotes":""},"class_list":["post-10","page","type-page","status-publish","has-post-thumbnail","hentry"],"_links":{"self":[{"href":"https:\/\/www.aeroclubduplandedieu.fr\/2021\/wp-json\/wp\/v2\/pages\/10","targetHints":{"allow":["GET"]}}],"collection":[{"href":"https:\/\/www.aeroclubduplandedieu.fr\/2021\/wp-json\/wp\/v2\/pages"}],"about":[{"href":"https:\/\/www.aeroclubduplandedieu.fr\/2021\/wp-json\/wp\/v2\/types\/page"}],"author":[{"embeddable":true,"href":"https:\/\/www.aeroclubduplandedieu.fr\/2021\/wp-json\/wp\/v2\/users\/1"}],"replies":[{"embeddable":true,"href":"https:\/\/www.aeroclubduplandedieu.fr\/2021\/wp-json\/wp\/v2\/comments?post=10"}],"version-history":[{"count":67,"href":"https:\/\/www.aeroclubduplandedieu.fr\/2021\/wp-json\/wp\/v2\/pages\/10\/revisions"}],"predecessor-version":[{"id":5516,"href":"https:\/\/www.aeroclubduplandedieu.fr\/2021\/wp-json\/wp\/v2\/pages\/10\/revisions\/5516"}],"wp:featuredmedia":[{"embeddable":true,"href":"https:\/\/www.aeroclubduplandedieu.fr\/2021\/wp-json\/wp\/v2\/media\/2520"}],"wp:attachment":[{"href":"https:\/\/www.aeroclubduplandedieu.fr\/2021\/wp-json\/wp\/v2\/media?parent=10"}],"curies":[{"name":"wp","href":"https:\/\/api.w.org\/{rel}","templated":true}]}}