{"id":12,"date":"2021-03-04T15:42:13","date_gmt":"2021-03-04T14:42:13","guid":{"rendered":"https:\/\/www.aeroclubduplandedieu.fr\/wordpress\/?page_id=12"},"modified":"2026-03-28T15:38:37","modified_gmt":"2026-03-28T14:38:37","slug":"le-club","status":"publish","type":"page","link":"https:\/\/www.aeroclubduplandedieu.fr\/2021\/le-club\/","title":{"rendered":"Inscriptions"},"content":{"rendered":"\n<div class=\"wp-block-media-text is-stacked-on-mobile\" style=\"grid-template-columns:17% auto\"><figure class=\"wp-block-media-text__media\"><img loading=\"lazy\" decoding=\"async\" width=\"1024\" height=\"714\" src=\"https:\/\/www.aeroclubduplandedieu.fr\/wordpress\/wp-content\/uploads\/2024\/06\/dentelles-petit-format.jpg\" alt=\"\" class=\"wp-image-3308 size-full\" srcset=\"https:\/\/www.aeroclubduplandedieu.fr\/wordpress\/wp-content\/uploads\/2024\/06\/dentelles-petit-format.jpg 1024w, https:\/\/www.aeroclubduplandedieu.fr\/wordpress\/wp-content\/uploads\/2024\/06\/dentelles-petit-format-300x209.jpg 300w, https:\/\/www.aeroclubduplandedieu.fr\/wordpress\/wp-content\/uploads\/2024\/06\/dentelles-petit-format-768x536.jpg 768w\" sizes=\"auto, (max-width: 1024px) 100vw, 1024px\" \/><\/figure><div class=\"wp-block-media-text__content\">\n<p>Plaisir des yeux <\/p>\n<\/div><\/div>\n\n\n\n<div class=\"wp-block-file\"><a id=\"wp-block-file--media-da1d8143-4ca8-4b46-a973-dd697088b2a6\" href=\"https:\/\/www.aeroclubduplandedieu.fr\/wordpress\/wp-content\/uploads\/2025\/10\/Renouv-cotisation-2025-2026-1.xlsx\">Renouv cotisation 2025-2026<\/a><a href=\"https:\/\/www.aeroclubduplandedieu.fr\/wordpress\/wp-content\/uploads\/2025\/10\/Renouv-cotisation-2025-2026-1.xlsx\" class=\"wp-block-file__button wp-element-button\" download aria-describedby=\"wp-block-file--media-da1d8143-4ca8-4b46-a973-dd697088b2a6\">T\u00e9l\u00e9charger<\/a><\/div>\n\n\n<p><span style=\"font-size: 18pt;\"><strong><u>INSCRIPTIONS \u2013 TARIFS \u2013 RENSEIGNEMENTS UTILES<\/u><\/strong><\/span><\/p>\n<ul>\n<li><span style=\"font-size: 16px; font-family: 'comic sans ms', sans-serif;\">Avoir plus de 14 ans<\/span><\/li>\n<li><span style=\"font-size: 16px; font-family: 'comic sans ms', sans-serif;\">Un certificat m\u00e9dical de Classe 2<\/span><\/li>\n<li><span style=\"font-size: 16px; font-family: 'comic sans ms', sans-serif;\">Une pi\u00e8ce d\u2019identit\u00e9<\/span><\/li>\n<li><span style=\"font-size: 16px; font-family: 'comic sans ms', sans-serif;\">Une autorisation parentale des deux parents pour les mineurs<\/span><\/li>\n<li><span style=\"font-size: 16px; font-family: 'comic sans ms', sans-serif;\">Un justificatif de domicile de moins de trois mois pour les \u00e9l\u00e8ves pilote<\/span><\/li>\n<li><span style=\"font-size: 16px; font-family: 'comic sans ms', sans-serif;\">Les licences et qualifications \u00e0 jour pour les pilotes<\/span><\/li>\n<li><span style=\"font-size: 16px; font-family: 'comic sans ms', sans-serif;\">Deux photos d\u2019identit\u00e9<\/span><\/li>\n<li><span style=\"font-size: 16px; font-family: 'comic sans ms', sans-serif;\">Un moyen de paiement\u00a0<\/span><\/li>\n<li>\n<p><span style=\"font-size: 18pt;\"><strong><u>MEDECINS AERONAUTIQUES<\/u><\/strong><\/span><\/p>\n<p><span style=\"font-size: 16px;\">Habilit\u00e9s \u00e0 d\u00e9livrer les certificats m\u00e9dicaux de Classe 2<\/span><\/p>\n<ul>\n<li><span style=\"font-size: 16px; font-family: 'Comic Neue';\"><strong>ORANGE<\/strong> : Dr Michel DECONINCK\u00a0\u00a0\u00a0\u00a006 82 67 56 92\u00a0 Cabinet M\u00e9dical Coudoulet 700 Rue Albin Durand 84100 Orange<\/span><\/li>\n<li><span style=\"font-size: 16px; font-family: 'Comic Neue';\"><strong>MORIERES<\/strong> : Dr Jean-Philippe PRADELLE\u00a0\u00a0\u00a006 14 62 59 84\u00a0 \u00a0Cabinet M\u00e9dical 880 rue Folard 84310 Mori\u00e8res les Avignon Sur RDV (le mercredi ?) par mail ou SMS pradellejeanphilippe@gmail.com\u00a0<\/span><\/li>\n<li><span style=\"font-size: 16px; font-family: 'Comic Neue';\"><strong>AVIGNON<\/strong> : Dr Philippe CARE\u00a0 04 90 86 05 94\u00a0 17 avenue du Blanchissage 84000 Avignon\u00a0<\/span><\/li>\n<\/ul>\n<\/li>\n<li><a href=\"https:\/\/www.aeroclubduplandedieu.fr\/wordpress\/wp-content\/uploads\/2024\/11\/Formulaire_pour_demande_de_certificat_medical_aptitude.pdf\" target=\"_blank\" rel=\"noopener\">Demande de certificat\u00a0 m\u00e9dical d&rsquo;aptitude \u00e0 t\u00e9l\u00e9charger avant la visite m\u00e9dicale<\/a><\/li>\n<\/ul>\n<figure class=\"wp-block-table is-style-stripes\">\n<table style=\"height: 343px;\" width=\"906\">\n<tbody>\n<tr>\n<td><span style=\"font-size: 18pt; font-family: 'Comic Neue';\"><strong><u>TARIFS 2026<\/u><\/strong><\/span><\/td>\n<td><span style=\"font-size: 18pt; font-family: 'Comic Neue';\">&gt; ou = 21 ans<\/span><\/td>\n<td><span style=\"font-size: 18pt; font-family: 'Comic Neue';\">&lt; 21 ans<\/span><\/td>\n<\/tr>\n<tr>\n<td><span style=\"font-size: 18pt; font-family: 'Comic Neue';\">Droit d\u2019adh\u00e9sion (\u00e0 la premi\u00e8re inscription)<u><\/u><\/span><\/td>\n<td><span style=\"font-size: 18pt; font-family: 'Comic Neue';\">80,00\u20ac<\/span><\/td>\n<td><span style=\"font-size: 18pt; font-family: 'Comic Neue';\">40,00\u20ac<u><\/u><\/span><\/td>\n<\/tr>\n<tr>\n<td><span style=\"font-size: 18pt; font-family: 'Comic Neue';\">Cotisation a\u00e9roclub\u00a0\u00a0\u00a0\u00a0\u00a0\u00a0\u00a0<u><\/u><\/span><\/td>\n<td><span style=\"font-size: 18pt; font-family: 'Comic Neue';\">165,00\u00a0\u00a0<u><\/u><\/span><\/td>\n<td><span style=\"font-size: 18pt; font-family: 'Comic Neue';\">85,00\u20ac<u><\/u><\/span><\/td>\n<\/tr>\n<tr>\n<td><span style=\"font-size: 18pt; font-family: 'Comic Neue';\">Cotisation F\u00e9d\u00e9ration Fran\u00e7aise A\u00e9ronautique (FFA)<u><\/u><\/span><\/td>\n<td><span style=\"font-size: 18pt; font-family: 'Comic Neue';\">96,00\u20ac\u00a0\u00a0<u><\/u><\/span><\/td>\n<td><span style=\"font-size: 18pt; font-family: 'Comic Neue';\">96,00\u20ac<u><\/u><\/span><\/td>\n<\/tr>\n<tr>\n<td><span style=\"font-size: 18pt; font-family: 'Comic Neue';\">Cotisation FFA avec abonnement Info-Pilote<u><\/u><\/span><\/td>\n<td><span style=\"font-size: 18pt; font-family: 'Comic Neue';\">145,00\u20ac<u><\/u><\/span><\/td>\n<td><span style=\"font-size: 18pt; font-family: 'Comic Neue';\">145,00\u20ac\u00a0<\/span><u><\/u><\/td>\n<\/tr>\n<\/tbody>\n<\/table>\n<p>Adh\u00e9sion \u00ab\u00a0membre saisonnier\u00a0\u00bb (1 \u00e0 3 mois) : se renseigner au secr\u00e9tariat.\u00a0<\/p>\n<p>https:\/\/www.aeroclubduplandedieu.fr\/wordpress\/wp-content\/uploads\/2024\/11\/Formulaire_pour_demande_de_certificat_medical_aptitude.pdf<\/p>\n<p><strong style=\"background-color: transparent; color: initial; font-size: 10pt;\"><em><u>A jour d\u00e9cembre 2025<\/u><\/em><\/strong><\/p>\n<\/figure>\n\n\n<figure class=\"wp-block-table is-style-stripes\"><table><thead><tr><th><strong><u>TARIFS AVIONS A L\u2019HEURE DE VOL<\/u><\/strong><\/th><th><\/th><th><\/th><th>Solo<\/th><th>Instruction<\/th><\/tr><\/thead><tbody><tr><td>TECNAM P2002 100 cv<\/td><td>2 places<\/td><td>Ecole<\/td><td>127,00\u20ac<\/td><td>137,00\u20ac<\/td><\/tr><tr><td>DR400 120 cv<\/td><td>2+2 places<\/td><td>Ecole<\/td><td>127,00\u20ac<\/td><td>137,00\u20ac<\/td><\/tr><tr><td>DR400&nbsp;160 cv<\/td><td>4 places&nbsp;&nbsp;&nbsp;&nbsp;&nbsp;&nbsp;&nbsp;&nbsp;&nbsp;&nbsp;&nbsp;<\/td><td>Navigation<\/td><td>151,00\u20ac<\/td><td>161,00\u20ac<\/td><\/tr><tr><td>TECNAM&nbsp;P2010 180 cv<\/td><td>4 places&nbsp;&nbsp;&nbsp;&nbsp;&nbsp;&nbsp;&nbsp;&nbsp;&nbsp;&nbsp;&nbsp;<\/td><td>Voyage<\/td><td>161,00\u20ac<\/td><td>171,00\u20ac<\/td><\/tr><\/tbody><\/table><\/figure>\n\n\n\n<p><a href=\"https:\/\/www.aeroclubduplandedieu.fr\/wordpress\/wp-content\/uploads\/2022\/03\/RIB-ACPDD-1.pdf\" target=\"_blank\" rel=\"noreferrer noopener\">RIB-ACPDD-1<\/a><\/p>\n\n\n\n<p><strong>T\u00e9l\u00e9phone<\/strong>&nbsp;: +33 (0)6 85 53 72 83<\/p>\n\n\n\n<p><strong>Messagerie<\/strong>&nbsp;:&nbsp;<a href=\"mailto:secretaire@aeroclubduplandedieu.fr\">secretaire@acpdd.fr<\/a><\/p>\n\n\n\n<div class=\"wp-block-group\"><div class=\"wp-block-group__inner-container is-layout-constrained wp-block-group-is-layout-constrained\">\n<p><strong>Courrier :<\/strong>&nbsp;A\u00e9rodrome du Plan de Dieu 37 route de Sablet (quartier Plan de Dieu)  84850 TRAVAILLAN<\/p>\n<\/div><\/div>\n\n\n\n<p>Retour \u00e0 la page :&nbsp;<a href=\"https:\/\/www.aeroclubduplandedieu.fr\/2021\/accueil\/\" target=\"_blank\" rel=\"noreferrer noopener\">le club<\/a><\/p>\n\n\n\n<h2 class=\"wp-block-heading\" id=\"pour-en-savoir-plus\"><strong>Pour en savoir plus :<\/strong><\/h2>\n\n\n\n<p><a href=\"https:\/\/www.aeroclubduplandedieu.fr\/wordpress\/wp-content\/uploads\/2024\/01\/PDD-historique-remis-en-forme.docx\" data-type=\"link\" data-id=\"https:\/\/www.aeroclubduplandedieu.fr\/wordpress\/wp-content\/uploads\/2024\/01\/PDD-historique-remis-en-forme.docx\" target=\"_blank\" rel=\"noreferrer noopener\">Historique de nos installations<\/a><\/p>\n\n\n\n<p><a href=\"https:\/\/www.anciens-aerodromes.com\/AtlasDGACOct16\/html\/aero451.htm\" target=\"_blank\" rel=\"noreferrer noopener\">https:\/\/www.anciens-aerodromes.com\/AtlasDGACOct16\/html\/aero451.htm<\/a><\/p>\n\n\n\n<p><a href=\"http:\/\/www.cairannevieuxvillage.eu\/Archives\/archives.html\" data-type=\"link\" data-id=\"http:\/\/www.cairannevieuxvillage.eu\/Archives\/archives.html\" target=\"_blank\" rel=\"noreferrer noopener\">http:\/\/www.cairannevieuxvillage.eu\/Archives<\/a><\/p>\n\n\n\n<p><\/p>\n\n\n\n<figure class=\"wp-block-image size-large\"><img loading=\"lazy\" decoding=\"async\" width=\"1024\" height=\"683\" src=\"https:\/\/www.aeroclubduplandedieu.fr\/wordpress\/wp-content\/uploads\/2021\/07\/2021_A115_091_K_001_002-1024x683.jpg\" alt=\"\" class=\"wp-image-493\" srcset=\"https:\/\/www.aeroclubduplandedieu.fr\/wordpress\/wp-content\/uploads\/2021\/07\/2021_A115_091_K_001_002-1024x683.jpg 1024w, https:\/\/www.aeroclubduplandedieu.fr\/wordpress\/wp-content\/uploads\/2021\/07\/2021_A115_091_K_001_002-300x200.jpg 300w, https:\/\/www.aeroclubduplandedieu.fr\/wordpress\/wp-content\/uploads\/2021\/07\/2021_A115_091_K_001_002-768x512.jpg 768w, https:\/\/www.aeroclubduplandedieu.fr\/wordpress\/wp-content\/uploads\/2021\/07\/2021_A115_091_K_001_002-1536x1024.jpg 1536w, https:\/\/www.aeroclubduplandedieu.fr\/wordpress\/wp-content\/uploads\/2021\/07\/2021_A115_091_K_001_002-2048x1365.jpg 2048w\" sizes=\"auto, (max-width: 1024px) 100vw, 1024px\" \/><figcaption class=\"wp-element-caption\">Les pistes de PDD<\/figcaption><\/figure>\n\n\n\n<figure class=\"wp-block-image size-full is-resized\"><img loading=\"lazy\" decoding=\"async\" width=\"1024\" height=\"714\" src=\"https:\/\/www.aeroclubduplandedieu.fr\/wordpress\/wp-content\/uploads\/2024\/06\/dentelles-petit-format.jpg\" alt=\"\" class=\"wp-image-3308\" style=\"width:839px;height:auto\" srcset=\"https:\/\/www.aeroclubduplandedieu.fr\/wordpress\/wp-content\/uploads\/2024\/06\/dentelles-petit-format.jpg 1024w, https:\/\/www.aeroclubduplandedieu.fr\/wordpress\/wp-content\/uploads\/2024\/06\/dentelles-petit-format-300x209.jpg 300w, https:\/\/www.aeroclubduplandedieu.fr\/wordpress\/wp-content\/uploads\/2024\/06\/dentelles-petit-format-768x536.jpg 768w\" sizes=\"auto, (max-width: 1024px) 100vw, 1024px\" \/><\/figure>\n\n\n\n<figure class=\"wp-block-image size-large\"><img loading=\"lazy\" decoding=\"async\" width=\"1024\" height=\"655\" src=\"https:\/\/www.aeroclubduplandedieu.fr\/wordpress\/wp-content\/uploads\/2024\/10\/Petit-panneau-1024x655.jpg\" alt=\"\" class=\"wp-image-3911\" srcset=\"https:\/\/www.aeroclubduplandedieu.fr\/wordpress\/wp-content\/uploads\/2024\/10\/Petit-panneau-1024x655.jpg 1024w, https:\/\/www.aeroclubduplandedieu.fr\/wordpress\/wp-content\/uploads\/2024\/10\/Petit-panneau-300x192.jpg 300w, https:\/\/www.aeroclubduplandedieu.fr\/wordpress\/wp-content\/uploads\/2024\/10\/Petit-panneau-768x492.jpg 768w, https:\/\/www.aeroclubduplandedieu.fr\/wordpress\/wp-content\/uploads\/2024\/10\/Petit-panneau-1536x983.jpg 1536w, https:\/\/www.aeroclubduplandedieu.fr\/wordpress\/wp-content\/uploads\/2024\/10\/Petit-panneau-2048x1311.jpg 2048w\" sizes=\"auto, (max-width: 1024px) 100vw, 1024px\" \/><\/figure>\n","protected":false},"excerpt":{"rendered":"<p>Plaisir des yeux INSCRIPTIONS \u2013 TARIFS \u2013 RENSEIGNEMENTS UTILES Avoir plus de 14 ans Un certificat m\u00e9dical de Classe 2 Une pi\u00e8ce d\u2019identit\u00e9 Une autorisation parentale des deux parents pour [&hellip;]<\/p>\n","protected":false},"author":1,"featured_media":2267,"parent":0,"menu_order":0,"comment_status":"closed","ping_status":"closed","template":"page-fullwidth.php","meta":{"footnotes":""},"class_list":["post-12","page","type-page","status-publish","has-post-thumbnail","hentry"],"_links":{"self":[{"href":"https:\/\/www.aeroclubduplandedieu.fr\/2021\/wp-json\/wp\/v2\/pages\/12","targetHints":{"allow":["GET"]}}],"collection":[{"href":"https:\/\/www.aeroclubduplandedieu.fr\/2021\/wp-json\/wp\/v2\/pages"}],"about":[{"href":"https:\/\/www.aeroclubduplandedieu.fr\/2021\/wp-json\/wp\/v2\/types\/page"}],"author":[{"embeddable":true,"href":"https:\/\/www.aeroclubduplandedieu.fr\/2021\/wp-json\/wp\/v2\/users\/1"}],"replies":[{"embeddable":true,"href":"https:\/\/www.aeroclubduplandedieu.fr\/2021\/wp-json\/wp\/v2\/comments?post=12"}],"version-history":[{"count":151,"href":"https:\/\/www.aeroclubduplandedieu.fr\/2021\/wp-json\/wp\/v2\/pages\/12\/revisions"}],"predecessor-version":[{"id":5629,"href":"https:\/\/www.aeroclubduplandedieu.fr\/2021\/wp-json\/wp\/v2\/pages\/12\/revisions\/5629"}],"wp:featuredmedia":[{"embeddable":true,"href":"https:\/\/www.aeroclubduplandedieu.fr\/2021\/wp-json\/wp\/v2\/media\/2267"}],"wp:attachment":[{"href":"https:\/\/www.aeroclubduplandedieu.fr\/2021\/wp-json\/wp\/v2\/media?parent=12"}],"curies":[{"name":"wp","href":"https:\/\/api.w.org\/{rel}","templated":true}]}}