{"id":1871,"date":"2022-01-26T12:06:25","date_gmt":"2022-01-26T11:06:25","guid":{"rendered":"https:\/\/www.aeroclubduplandedieu.fr\/2021\/?page_id=1871"},"modified":"2025-04-21T18:17:25","modified_gmt":"2025-04-21T16:17:25","slug":"presentation-des-aides","status":"publish","type":"page","link":"https:\/\/www.aeroclubduplandedieu.fr\/2021\/presentation-des-aides\/","title":{"rendered":"Pr\u00e9sentation des aides"},"content":{"rendered":"\n<h2 class=\"wp-block-heading\" id=\"le-programme-objectif-pilote\">Le programme Objectif Pilote<\/h2>\n\n\n\n<p class=\"has-medium-font-size\">L\u2019ambition du programme Objectif Pilote est de conduire les jeunes jusqu\u2019au LAPL et\/ou PPL, en \u00e9vitant les abandons en cours de formation par des aides sur r\u00e9sultats pour aider \u00e0 atteindre l\u2019objectif suivant. Objectif Pilote a l\u2019ambition d\u2019aider les jeunes \u00e0 devenir pilotes en les faisant entrer dans nos clubs, en accompagnant leur formation par la fixation d\u2019objectifs dont la r\u00e9alisation leur vaudra l\u2019aide financi\u00e8re, gage de progression vers l\u2019objectif suivant.<\/p>\n\n\n\n<h2 class=\"wp-block-heading\" id=\"les-bourses-proposees-1\">Les bourses propos\u00e9es<\/h2>\n\n\n\n<figure class=\"wp-block-image size-full is-resized\"><img loading=\"lazy\" decoding=\"async\" width=\"400\" height=\"400\" src=\"https:\/\/www.aeroclubduplandedieu.fr\/wordpress\/wp-content\/uploads\/2021\/10\/logo-ffa.jpg\" alt=\"\" class=\"wp-image-901\" style=\"width:141px;height:auto\" srcset=\"https:\/\/www.aeroclubduplandedieu.fr\/wordpress\/wp-content\/uploads\/2021\/10\/logo-ffa.jpg 400w, https:\/\/www.aeroclubduplandedieu.fr\/wordpress\/wp-content\/uploads\/2021\/10\/logo-ffa-300x300.jpg 300w, https:\/\/www.aeroclubduplandedieu.fr\/wordpress\/wp-content\/uploads\/2021\/10\/logo-ffa-150x150.jpg 150w\" sizes=\"auto, (max-width: 400px) 100vw, 400px\" \/><\/figure>\n\n\n\n<figure class=\"wp-block-table has-medium-font-size\"><table><tbody><tr><td><strong>Bourses \u201cObjectif Pilote\u201d<\/strong><\/td><td><strong>Montant de l\u2019aide<\/strong><\/td><\/tr><tr><td>1er L\u00e2ch\u00e9 solo<\/td><td>350 \u20ac<\/td><\/tr><tr><td>ABL<\/td><td>350\u20ac<\/td><\/tr><tr><td>ABL + BIA<\/td><td>520 \u20ac<\/td><\/tr><tr><td>Th\u00e9orique PPL ou LAPL  + BIA (non cumulables)<\/td><td>75 \u20ac<\/td><\/tr><tr><td>Th\u00e9orique PPL ou LAPL + BIA + Jeunes Ailes (non cumulables)<\/td><td>100 \u20ac<\/td><\/tr><tr><td>PPL ou LAPL Complet (non cumulables)<\/td><td>700 \u20ac<\/td><\/tr><\/tbody><\/table><figcaption class=\"wp-element-caption\">acpdd<\/figcaption><\/figure>\n\n\n\n<h2 class=\"wp-block-heading\" id=\"les-conditions\">Les conditions :<\/h2>\n\n\n\n<p class=\"has-medium-font-size\">Les bourses \u201cObjectif Pilote\u201d sont destin\u00e9es aux jeunes \u00e9l\u00e8ves pilotes de moins de 21 ans. Seule l&rsquo;ann\u00e9e de naissance est prise en compte (et non pas sa date de naissance).<\/p>\n\n\n\n<p class=\"has-medium-font-size\">L\u2019exercice d&rsquo;\u201dObjectif pilote\u201d commence du 1er octobre et se termine le 30 septembre,<br>Si l\u2019\u00e9l\u00e8ve pilote s\u2019est d\u00e9j\u00e0 vu attribuer une bourse dans le cadre du programme, il b\u00e9n\u00e9ficie d\u2019une ann\u00e9e suppl\u00e9mentaire pour obtenir les bourses suivantes.<\/p>\n\n\n\n<p class=\"has-medium-font-size\"><strong>Pour obtenir ces bourses, adressez-vous au secr\u00e9tariat de l&rsquo;a\u00e9ro-club du Plan de Dieu.<\/strong> <\/p>\n\n\n\n<figure class=\"wp-block-image size-full\"><img loading=\"lazy\" decoding=\"async\" width=\"300\" height=\"232\" src=\"https:\/\/www.aeroclubduplandedieu.fr\/wordpress\/wp-content\/uploads\/2022\/01\/bourse.jpg\" alt=\"\" class=\"wp-image-2045\"\/><\/figure>\n","protected":false},"excerpt":{"rendered":"<p>Le programme Objectif Pilote L\u2019ambition du programme Objectif Pilote est de conduire les jeunes jusqu\u2019au LAPL et\/ou PPL, en \u00e9vitant les abandons en cours de formation par des aides sur [&hellip;]<\/p>\n","protected":false},"author":1,"featured_media":2523,"parent":0,"menu_order":0,"comment_status":"closed","ping_status":"closed","template":"page-fullwidth.php","meta":{"footnotes":""},"class_list":["post-1871","page","type-page","status-publish","has-post-thumbnail","hentry"],"_links":{"self":[{"href":"https:\/\/www.aeroclubduplandedieu.fr\/2021\/wp-json\/wp\/v2\/pages\/1871","targetHints":{"allow":["GET"]}}],"collection":[{"href":"https:\/\/www.aeroclubduplandedieu.fr\/2021\/wp-json\/wp\/v2\/pages"}],"about":[{"href":"https:\/\/www.aeroclubduplandedieu.fr\/2021\/wp-json\/wp\/v2\/types\/page"}],"author":[{"embeddable":true,"href":"https:\/\/www.aeroclubduplandedieu.fr\/2021\/wp-json\/wp\/v2\/users\/1"}],"replies":[{"embeddable":true,"href":"https:\/\/www.aeroclubduplandedieu.fr\/2021\/wp-json\/wp\/v2\/comments?post=1871"}],"version-history":[{"count":13,"href":"https:\/\/www.aeroclubduplandedieu.fr\/2021\/wp-json\/wp\/v2\/pages\/1871\/revisions"}],"predecessor-version":[{"id":4414,"href":"https:\/\/www.aeroclubduplandedieu.fr\/2021\/wp-json\/wp\/v2\/pages\/1871\/revisions\/4414"}],"wp:featuredmedia":[{"embeddable":true,"href":"https:\/\/www.aeroclubduplandedieu.fr\/2021\/wp-json\/wp\/v2\/media\/2523"}],"wp:attachment":[{"href":"https:\/\/www.aeroclubduplandedieu.fr\/2021\/wp-json\/wp\/v2\/media?parent=1871"}],"curies":[{"name":"wp","href":"https:\/\/api.w.org\/{rel}","templated":true}]}}