{"id":2377,"date":"2022-03-22T09:25:52","date_gmt":"2022-03-22T08:25:52","guid":{"rendered":"https:\/\/www.aeroclubduplandedieu.fr\/2021\/?page_id=2377"},"modified":"2022-03-23T14:00:00","modified_gmt":"2022-03-23T13:00:00","slug":"qualification-vol-en-montagne","status":"publish","type":"page","link":"https:\/\/www.aeroclubduplandedieu.fr\/2021\/qualification-vol-en-montagne\/","title":{"rendered":"Qualification \u00ab\u00a0Vol en montagne\u00a0\u00bb"},"content":{"rendered":"\n<div class=\"wp-block-media-text alignwide is-stacked-on-mobile\"><figure class=\"wp-block-media-text__media\"><img loading=\"lazy\" decoding=\"async\" width=\"567\" height=\"443\" src=\"https:\/\/www.aeroclubduplandedieu.fr\/wordpress\/wp-content\/uploads\/2022\/03\/faucon.jpg\" alt=\"\" class=\"wp-image-2388 size-full\" srcset=\"https:\/\/www.aeroclubduplandedieu.fr\/wordpress\/wp-content\/uploads\/2022\/03\/faucon.jpg 567w, https:\/\/www.aeroclubduplandedieu.fr\/wordpress\/wp-content\/uploads\/2022\/03\/faucon-300x234.jpg 300w\" sizes=\"auto, (max-width: 567px) 100vw, 567px\" \/><\/figure><div class=\"wp-block-media-text__content\">\n<p class=\"has-medium-font-size\">Cette qualification vous permettra de d\u00e9coller et d&rsquo;atterrir sur des plateformes clas\u00e9es \u00ab\u00a0Altisurfaces\u00a0\u00bb. <\/p>\n\n\n\n<p><a rel=\"noreferrer noopener\" href=\"https:\/\/www.aeroclubduplandedieu.fr\/wordpress\/wp-content\/uploads\/2022\/03\/Qualification-MONTAGNE.pdf\" target=\"_blank\">R\u00e8glementation du vol en montagne<\/a><\/p>\n<\/div><\/div>\n\n\n<p>Quelques altisurfaces \u00e0 proximit\u00e9 de Plan de Dieu:<\/p>\n<p><\/p>\n\n\n<ul class=\"wp-block-list\"><li><a rel=\"noreferrer noopener\" href=\"https:\/\/basulm.ffplum.fr\/PDF\/LF2621.pdf\" data-type=\"URL\" data-id=\"https:\/\/basulm.ffplum.fr\/PDF\/LF2621.pdf\" target=\"_blank\">Faucon<\/a><\/li><li><a rel=\"noreferrer noopener\" href=\"https:\/\/basulm.ffplum.fr\/affichage-vue-detail-sans-modules\/details\/59\/8550-la-motte-chalencon.html\" data-type=\"URL\" data-id=\"https:\/\/basulm.ffplum.fr\/affichage-vue-detail-sans-modules\/details\/59\/8550-la-motte-chalencon.html\" target=\"_blank\">La Motte Chalencon<\/a><\/li><li><a rel=\"noreferrer noopener\" href=\"https:\/\/basulm.ffplum.fr\/PDF\/LF0456.pdf\" data-type=\"URL\" data-id=\"https:\/\/basulm.ffplum.fr\/PDF\/LF0456.pdf\" target=\"_blank\">Banon<\/a><\/li><li><a href=\"https:\/\/www.afpm.fr\/Terrains_Montagne.php\" data-type=\"URL\" data-id=\"https:\/\/www.afpm.fr\/Terrains_Montagne.php\" target=\"_blank\" rel=\"noreferrer noopener\">etc.<\/a><\/li><\/ul>\n","protected":false},"excerpt":{"rendered":"<p>Cette qualification vous permettra de d\u00e9coller et d&rsquo;atterrir sur des plateformes clas\u00e9es \u00ab\u00a0Altisurfaces\u00a0\u00bb. R\u00e8glementation du vol en montagne Quelques altisurfaces \u00e0 proximit\u00e9 de Plan de Dieu: Faucon La Motte Chalencon [&hellip;]<\/p>\n","protected":false},"author":1,"featured_media":2388,"parent":0,"menu_order":0,"comment_status":"closed","ping_status":"closed","template":"page-fullwidth.php","meta":{"footnotes":""},"class_list":["post-2377","page","type-page","status-publish","has-post-thumbnail","hentry"],"_links":{"self":[{"href":"https:\/\/www.aeroclubduplandedieu.fr\/2021\/wp-json\/wp\/v2\/pages\/2377","targetHints":{"allow":["GET"]}}],"collection":[{"href":"https:\/\/www.aeroclubduplandedieu.fr\/2021\/wp-json\/wp\/v2\/pages"}],"about":[{"href":"https:\/\/www.aeroclubduplandedieu.fr\/2021\/wp-json\/wp\/v2\/types\/page"}],"author":[{"embeddable":true,"href":"https:\/\/www.aeroclubduplandedieu.fr\/2021\/wp-json\/wp\/v2\/users\/1"}],"replies":[{"embeddable":true,"href":"https:\/\/www.aeroclubduplandedieu.fr\/2021\/wp-json\/wp\/v2\/comments?post=2377"}],"version-history":[{"count":6,"href":"https:\/\/www.aeroclubduplandedieu.fr\/2021\/wp-json\/wp\/v2\/pages\/2377\/revisions"}],"predecessor-version":[{"id":2394,"href":"https:\/\/www.aeroclubduplandedieu.fr\/2021\/wp-json\/wp\/v2\/pages\/2377\/revisions\/2394"}],"wp:featuredmedia":[{"embeddable":true,"href":"https:\/\/www.aeroclubduplandedieu.fr\/2021\/wp-json\/wp\/v2\/media\/2388"}],"wp:attachment":[{"href":"https:\/\/www.aeroclubduplandedieu.fr\/2021\/wp-json\/wp\/v2\/media?parent=2377"}],"curies":[{"name":"wp","href":"https:\/\/api.w.org\/{rel}","templated":true}]}}