{"id":3919,"date":"2024-10-09T10:13:32","date_gmt":"2024-10-09T08:13:32","guid":{"rendered":"https:\/\/www.aeroclubduplandedieu.fr\/2021\/?page_id=3919"},"modified":"2025-10-13T15:24:37","modified_gmt":"2025-10-13T13:24:37","slug":"une-petite-aile-en-plus","status":"publish","type":"page","link":"https:\/\/www.aeroclubduplandedieu.fr\/2021\/une-petite-aile-en-plus\/","title":{"rendered":"Une petite AILE en PLUS 2024"},"content":{"rendered":"\n<figure class=\"wp-block-image size-full is-resized\"><img loading=\"lazy\" decoding=\"async\" width=\"726\" height=\"1024\" src=\"https:\/\/www.aeroclubduplandedieu.fr\/wordpress\/wp-content\/uploads\/2024\/10\/Une-petite-AILE-en-PLUS.jpg\" alt=\"\" class=\"wp-image-3920\" style=\"width:840px;height:auto\" srcset=\"https:\/\/www.aeroclubduplandedieu.fr\/wordpress\/wp-content\/uploads\/2024\/10\/Une-petite-AILE-en-PLUS.jpg 726w, https:\/\/www.aeroclubduplandedieu.fr\/wordpress\/wp-content\/uploads\/2024\/10\/Une-petite-AILE-en-PLUS-213x300.jpg 213w\" sizes=\"auto, (max-width: 726px) 100vw, 726px\" \/><\/figure>\n\n\n\n<p>La journ\u00e9e <strong><em>Une petite AILE en PLUS<\/em><\/strong> (Handivol) s&rsquo;est d\u00e9roul\u00e9e le 5 octobre 2024 sur plusieurs a\u00e9rodromes de Vaucluse.<\/p>\n\n\n\n<p>Ce <a href=\"https:\/\/wetransfer.com\/downloads\/0c10c3d28a0a5426ec244f15b25abc4c20241007094528\/0fe37235a9669483158bb1f24a16a3f020241007094544\/0fb77a\" data-type=\"link\" data-id=\"https:\/\/wetransfer.com\/downloads\/0c10c3d28a0a5426ec244f15b25abc4c20241007094528\/0fe37235a9669483158bb1f24a16a3f020241007094544\/0fb77a\" target=\"_blank\" rel=\"noreferrer noopener\">lien hypertexte<\/a>  vous permet de t\u00e9l\u00e9charger les photos et vid\u00e9os r\u00e9alis\u00e9es lors de cet \u00e9v\u00e8nement \u00e0 l&rsquo;a\u00e9rodrome de Plan de Dieu.<\/p>\n\n\n\n<p>NOTA: Les vid\u00e9os sont lisibles avec VLC media VideoLAN <a href=\"https:\/\/www.videolan.org\/vlc\/\" target=\"_blank\" rel=\"noreferrer noopener\">https:\/\/www.videolan.org\/vlc\/<\/a><\/p>\n\n\n\n<figure class=\"wp-block-gallery has-nested-images columns-default is-cropped wp-block-gallery-1 is-layout-flex wp-block-gallery-is-layout-flex\">\n<figure class=\"wp-block-image size-large\"><img loading=\"lazy\" decoding=\"async\" width=\"1024\" height=\"768\" data-id=\"3945\" src=\"https:\/\/www.aeroclubduplandedieu.fr\/wordpress\/wp-content\/uploads\/2024\/10\/Accueil-1024x768.jpg\" alt=\"\" class=\"wp-image-3945\" srcset=\"https:\/\/www.aeroclubduplandedieu.fr\/wordpress\/wp-content\/uploads\/2024\/10\/Accueil-1024x768.jpg 1024w, https:\/\/www.aeroclubduplandedieu.fr\/wordpress\/wp-content\/uploads\/2024\/10\/Accueil-300x225.jpg 300w, https:\/\/www.aeroclubduplandedieu.fr\/wordpress\/wp-content\/uploads\/2024\/10\/Accueil-768x576.jpg 768w, https:\/\/www.aeroclubduplandedieu.fr\/wordpress\/wp-content\/uploads\/2024\/10\/Accueil-1536x1152.jpg 1536w, https:\/\/www.aeroclubduplandedieu.fr\/wordpress\/wp-content\/uploads\/2024\/10\/Accueil-2048x1536.jpg 2048w\" sizes=\"auto, (max-width: 1024px) 100vw, 1024px\" \/><\/figure>\n\n\n\n<figure class=\"wp-block-image size-large\"><img loading=\"lazy\" decoding=\"async\" width=\"1024\" height=\"768\" data-id=\"3943\" src=\"https:\/\/www.aeroclubduplandedieu.fr\/wordpress\/wp-content\/uploads\/2024\/10\/Briefing-2-1024x768.jpg\" alt=\"\" class=\"wp-image-3943\" srcset=\"https:\/\/www.aeroclubduplandedieu.fr\/wordpress\/wp-content\/uploads\/2024\/10\/Briefing-2-1024x768.jpg 1024w, https:\/\/www.aeroclubduplandedieu.fr\/wordpress\/wp-content\/uploads\/2024\/10\/Briefing-2-300x225.jpg 300w, https:\/\/www.aeroclubduplandedieu.fr\/wordpress\/wp-content\/uploads\/2024\/10\/Briefing-2-768x576.jpg 768w, https:\/\/www.aeroclubduplandedieu.fr\/wordpress\/wp-content\/uploads\/2024\/10\/Briefing-2-1536x1152.jpg 1536w, https:\/\/www.aeroclubduplandedieu.fr\/wordpress\/wp-content\/uploads\/2024\/10\/Briefing-2-2048x1536.jpg 2048w\" sizes=\"auto, (max-width: 1024px) 100vw, 1024px\" \/><\/figure>\n\n\n\n<figure class=\"wp-block-image size-large\"><img loading=\"lazy\" decoding=\"async\" width=\"1024\" height=\"768\" data-id=\"3944\" src=\"https:\/\/www.aeroclubduplandedieu.fr\/wordpress\/wp-content\/uploads\/2024\/10\/Briefing-1-1024x768.jpg\" alt=\"\" class=\"wp-image-3944\" srcset=\"https:\/\/www.aeroclubduplandedieu.fr\/wordpress\/wp-content\/uploads\/2024\/10\/Briefing-1-1024x768.jpg 1024w, https:\/\/www.aeroclubduplandedieu.fr\/wordpress\/wp-content\/uploads\/2024\/10\/Briefing-1-300x225.jpg 300w, https:\/\/www.aeroclubduplandedieu.fr\/wordpress\/wp-content\/uploads\/2024\/10\/Briefing-1-768x576.jpg 768w, https:\/\/www.aeroclubduplandedieu.fr\/wordpress\/wp-content\/uploads\/2024\/10\/Briefing-1-1536x1152.jpg 1536w, https:\/\/www.aeroclubduplandedieu.fr\/wordpress\/wp-content\/uploads\/2024\/10\/Briefing-1-2048x1536.jpg 2048w\" sizes=\"auto, (max-width: 1024px) 100vw, 1024px\" \/><\/figure>\n<\/figure>\n\n\n\n<figure class=\"wp-block-gallery has-nested-images columns-default is-cropped wp-block-gallery-2 is-layout-flex wp-block-gallery-is-layout-flex\">\n<figure class=\"wp-block-image size-large\"><img loading=\"lazy\" decoding=\"async\" width=\"1024\" height=\"768\" data-id=\"3947\" src=\"https:\/\/www.aeroclubduplandedieu.fr\/wordpress\/wp-content\/uploads\/2024\/10\/Preparatifs-3-1024x768.jpg\" alt=\"\" class=\"wp-image-3947\" srcset=\"https:\/\/www.aeroclubduplandedieu.fr\/wordpress\/wp-content\/uploads\/2024\/10\/Preparatifs-3-1024x768.jpg 1024w, https:\/\/www.aeroclubduplandedieu.fr\/wordpress\/wp-content\/uploads\/2024\/10\/Preparatifs-3-300x225.jpg 300w, https:\/\/www.aeroclubduplandedieu.fr\/wordpress\/wp-content\/uploads\/2024\/10\/Preparatifs-3-768x576.jpg 768w, https:\/\/www.aeroclubduplandedieu.fr\/wordpress\/wp-content\/uploads\/2024\/10\/Preparatifs-3-1536x1152.jpg 1536w, https:\/\/www.aeroclubduplandedieu.fr\/wordpress\/wp-content\/uploads\/2024\/10\/Preparatifs-3-2048x1536.jpg 2048w\" sizes=\"auto, (max-width: 1024px) 100vw, 1024px\" \/><\/figure>\n\n\n\n<figure class=\"wp-block-image size-large\"><img loading=\"lazy\" decoding=\"async\" width=\"1024\" height=\"768\" data-id=\"3949\" src=\"https:\/\/www.aeroclubduplandedieu.fr\/wordpress\/wp-content\/uploads\/2024\/10\/Preparatifs-2-1024x768.jpg\" alt=\"\" class=\"wp-image-3949\" srcset=\"https:\/\/www.aeroclubduplandedieu.fr\/wordpress\/wp-content\/uploads\/2024\/10\/Preparatifs-2-1024x768.jpg 1024w, https:\/\/www.aeroclubduplandedieu.fr\/wordpress\/wp-content\/uploads\/2024\/10\/Preparatifs-2-300x225.jpg 300w, https:\/\/www.aeroclubduplandedieu.fr\/wordpress\/wp-content\/uploads\/2024\/10\/Preparatifs-2-768x576.jpg 768w, https:\/\/www.aeroclubduplandedieu.fr\/wordpress\/wp-content\/uploads\/2024\/10\/Preparatifs-2-1536x1152.jpg 1536w, https:\/\/www.aeroclubduplandedieu.fr\/wordpress\/wp-content\/uploads\/2024\/10\/Preparatifs-2-2048x1536.jpg 2048w\" sizes=\"auto, (max-width: 1024px) 100vw, 1024px\" \/><\/figure>\n\n\n\n<figure class=\"wp-block-image size-large\"><img loading=\"lazy\" decoding=\"async\" width=\"1024\" height=\"768\" data-id=\"3948\" src=\"https:\/\/www.aeroclubduplandedieu.fr\/wordpress\/wp-content\/uploads\/2024\/10\/Preparatifs-1-1024x768.jpg\" alt=\"\" class=\"wp-image-3948\" srcset=\"https:\/\/www.aeroclubduplandedieu.fr\/wordpress\/wp-content\/uploads\/2024\/10\/Preparatifs-1-1024x768.jpg 1024w, https:\/\/www.aeroclubduplandedieu.fr\/wordpress\/wp-content\/uploads\/2024\/10\/Preparatifs-1-300x225.jpg 300w, https:\/\/www.aeroclubduplandedieu.fr\/wordpress\/wp-content\/uploads\/2024\/10\/Preparatifs-1-768x576.jpg 768w, https:\/\/www.aeroclubduplandedieu.fr\/wordpress\/wp-content\/uploads\/2024\/10\/Preparatifs-1-1536x1152.jpg 1536w, https:\/\/www.aeroclubduplandedieu.fr\/wordpress\/wp-content\/uploads\/2024\/10\/Preparatifs-1-2048x1536.jpg 2048w\" sizes=\"auto, (max-width: 1024px) 100vw, 1024px\" \/><\/figure>\n<\/figure>\n\n\n\n<figure class=\"wp-block-gallery has-nested-images columns-default is-cropped wp-block-gallery-3 is-layout-flex wp-block-gallery-is-layout-flex\">\n<figure class=\"wp-block-image size-large\"><img loading=\"lazy\" decoding=\"async\" width=\"1024\" height=\"768\" data-id=\"3952\" src=\"https:\/\/www.aeroclubduplandedieu.fr\/wordpress\/wp-content\/uploads\/2024\/10\/A-bord-2-1024x768.jpg\" alt=\"\" class=\"wp-image-3952\" srcset=\"https:\/\/www.aeroclubduplandedieu.fr\/wordpress\/wp-content\/uploads\/2024\/10\/A-bord-2-1024x768.jpg 1024w, https:\/\/www.aeroclubduplandedieu.fr\/wordpress\/wp-content\/uploads\/2024\/10\/A-bord-2-300x225.jpg 300w, https:\/\/www.aeroclubduplandedieu.fr\/wordpress\/wp-content\/uploads\/2024\/10\/A-bord-2-768x576.jpg 768w, https:\/\/www.aeroclubduplandedieu.fr\/wordpress\/wp-content\/uploads\/2024\/10\/A-bord-2-1536x1152.jpg 1536w, https:\/\/www.aeroclubduplandedieu.fr\/wordpress\/wp-content\/uploads\/2024\/10\/A-bord-2-2048x1536.jpg 2048w\" sizes=\"auto, (max-width: 1024px) 100vw, 1024px\" \/><\/figure>\n\n\n\n<figure class=\"wp-block-image size-large\"><img loading=\"lazy\" decoding=\"async\" width=\"1024\" height=\"768\" data-id=\"3953\" src=\"https:\/\/www.aeroclubduplandedieu.fr\/wordpress\/wp-content\/uploads\/2024\/10\/A-bord-3-1024x768.jpg\" alt=\"\" class=\"wp-image-3953\" srcset=\"https:\/\/www.aeroclubduplandedieu.fr\/wordpress\/wp-content\/uploads\/2024\/10\/A-bord-3-1024x768.jpg 1024w, https:\/\/www.aeroclubduplandedieu.fr\/wordpress\/wp-content\/uploads\/2024\/10\/A-bord-3-300x225.jpg 300w, https:\/\/www.aeroclubduplandedieu.fr\/wordpress\/wp-content\/uploads\/2024\/10\/A-bord-3-768x576.jpg 768w, https:\/\/www.aeroclubduplandedieu.fr\/wordpress\/wp-content\/uploads\/2024\/10\/A-bord-3-1536x1152.jpg 1536w, https:\/\/www.aeroclubduplandedieu.fr\/wordpress\/wp-content\/uploads\/2024\/10\/A-bord-3-2048x1536.jpg 2048w\" sizes=\"auto, (max-width: 1024px) 100vw, 1024px\" \/><\/figure>\n\n\n\n<figure class=\"wp-block-image size-large\"><img loading=\"lazy\" decoding=\"async\" width=\"1024\" height=\"768\" data-id=\"3951\" src=\"https:\/\/www.aeroclubduplandedieu.fr\/wordpress\/wp-content\/uploads\/2024\/10\/A-bord-1-1024x768.jpg\" alt=\"\" class=\"wp-image-3951\" srcset=\"https:\/\/www.aeroclubduplandedieu.fr\/wordpress\/wp-content\/uploads\/2024\/10\/A-bord-1-1024x768.jpg 1024w, https:\/\/www.aeroclubduplandedieu.fr\/wordpress\/wp-content\/uploads\/2024\/10\/A-bord-1-300x225.jpg 300w, https:\/\/www.aeroclubduplandedieu.fr\/wordpress\/wp-content\/uploads\/2024\/10\/A-bord-1-768x576.jpg 768w, https:\/\/www.aeroclubduplandedieu.fr\/wordpress\/wp-content\/uploads\/2024\/10\/A-bord-1-1536x1152.jpg 1536w, https:\/\/www.aeroclubduplandedieu.fr\/wordpress\/wp-content\/uploads\/2024\/10\/A-bord-1-2048x1536.jpg 2048w\" sizes=\"auto, (max-width: 1024px) 100vw, 1024px\" \/><\/figure>\n<\/figure>\n\n\n\n<figure class=\"wp-block-gallery has-nested-images columns-default is-cropped wp-block-gallery-4 is-layout-flex wp-block-gallery-is-layout-flex\">\n<figure class=\"wp-block-image size-large\"><img loading=\"lazy\" decoding=\"async\" width=\"1024\" height=\"768\" data-id=\"3957\" src=\"https:\/\/www.aeroclubduplandedieu.fr\/wordpress\/wp-content\/uploads\/2024\/10\/Helico-2-1024x768.jpg\" alt=\"\" class=\"wp-image-3957\" srcset=\"https:\/\/www.aeroclubduplandedieu.fr\/wordpress\/wp-content\/uploads\/2024\/10\/Helico-2-1024x768.jpg 1024w, https:\/\/www.aeroclubduplandedieu.fr\/wordpress\/wp-content\/uploads\/2024\/10\/Helico-2-300x225.jpg 300w, https:\/\/www.aeroclubduplandedieu.fr\/wordpress\/wp-content\/uploads\/2024\/10\/Helico-2-768x576.jpg 768w, https:\/\/www.aeroclubduplandedieu.fr\/wordpress\/wp-content\/uploads\/2024\/10\/Helico-2-1536x1152.jpg 1536w, https:\/\/www.aeroclubduplandedieu.fr\/wordpress\/wp-content\/uploads\/2024\/10\/Helico-2-2048x1536.jpg 2048w\" sizes=\"auto, (max-width: 1024px) 100vw, 1024px\" \/><\/figure>\n\n\n\n<figure class=\"wp-block-image size-large\"><img loading=\"lazy\" decoding=\"async\" width=\"1024\" height=\"768\" data-id=\"3956\" src=\"https:\/\/www.aeroclubduplandedieu.fr\/wordpress\/wp-content\/uploads\/2024\/10\/Helico-1-1024x768.jpg\" alt=\"\" class=\"wp-image-3956\" srcset=\"https:\/\/www.aeroclubduplandedieu.fr\/wordpress\/wp-content\/uploads\/2024\/10\/Helico-1-1024x768.jpg 1024w, https:\/\/www.aeroclubduplandedieu.fr\/wordpress\/wp-content\/uploads\/2024\/10\/Helico-1-300x225.jpg 300w, https:\/\/www.aeroclubduplandedieu.fr\/wordpress\/wp-content\/uploads\/2024\/10\/Helico-1-768x576.jpg 768w, https:\/\/www.aeroclubduplandedieu.fr\/wordpress\/wp-content\/uploads\/2024\/10\/Helico-1-1536x1152.jpg 1536w, https:\/\/www.aeroclubduplandedieu.fr\/wordpress\/wp-content\/uploads\/2024\/10\/Helico-1-2048x1536.jpg 2048w\" sizes=\"auto, (max-width: 1024px) 100vw, 1024px\" \/><\/figure>\n\n\n\n<figure class=\"wp-block-image size-large\"><img loading=\"lazy\" decoding=\"async\" width=\"1024\" height=\"768\" data-id=\"3959\" src=\"https:\/\/www.aeroclubduplandedieu.fr\/wordpress\/wp-content\/uploads\/2024\/10\/Machines-1-1024x768.jpg\" alt=\"\" class=\"wp-image-3959\" srcset=\"https:\/\/www.aeroclubduplandedieu.fr\/wordpress\/wp-content\/uploads\/2024\/10\/Machines-1-1024x768.jpg 1024w, https:\/\/www.aeroclubduplandedieu.fr\/wordpress\/wp-content\/uploads\/2024\/10\/Machines-1-300x225.jpg 300w, https:\/\/www.aeroclubduplandedieu.fr\/wordpress\/wp-content\/uploads\/2024\/10\/Machines-1-768x576.jpg 768w, https:\/\/www.aeroclubduplandedieu.fr\/wordpress\/wp-content\/uploads\/2024\/10\/Machines-1-1536x1152.jpg 1536w, https:\/\/www.aeroclubduplandedieu.fr\/wordpress\/wp-content\/uploads\/2024\/10\/Machines-1-2048x1536.jpg 2048w\" sizes=\"auto, (max-width: 1024px) 100vw, 1024px\" \/><\/figure>\n<\/figure>\n\n\n\n<figure class=\"wp-block-gallery has-nested-images columns-default is-cropped wp-block-gallery-5 is-layout-flex wp-block-gallery-is-layout-flex\">\n<figure class=\"wp-block-image size-large\"><img loading=\"lazy\" decoding=\"async\" width=\"1024\" height=\"734\" data-id=\"3960\" src=\"https:\/\/www.aeroclubduplandedieu.fr\/wordpress\/wp-content\/uploads\/2024\/10\/A-bord-n3-1024x734.jpg\" alt=\"\" class=\"wp-image-3960\" srcset=\"https:\/\/www.aeroclubduplandedieu.fr\/wordpress\/wp-content\/uploads\/2024\/10\/A-bord-n3-1024x734.jpg 1024w, https:\/\/www.aeroclubduplandedieu.fr\/wordpress\/wp-content\/uploads\/2024\/10\/A-bord-n3-300x215.jpg 300w, https:\/\/www.aeroclubduplandedieu.fr\/wordpress\/wp-content\/uploads\/2024\/10\/A-bord-n3-768x551.jpg 768w, https:\/\/www.aeroclubduplandedieu.fr\/wordpress\/wp-content\/uploads\/2024\/10\/A-bord-n3-1536x1101.jpg 1536w, https:\/\/www.aeroclubduplandedieu.fr\/wordpress\/wp-content\/uploads\/2024\/10\/A-bord-n3-2048x1468.jpg 2048w\" sizes=\"auto, (max-width: 1024px) 100vw, 1024px\" \/><\/figure>\n\n\n\n<figure class=\"wp-block-image size-large\"><img loading=\"lazy\" decoding=\"async\" width=\"1024\" height=\"768\" data-id=\"3961\" src=\"https:\/\/www.aeroclubduplandedieu.fr\/wordpress\/wp-content\/uploads\/2024\/10\/A-bord-2n-1024x768.jpg\" alt=\"\" class=\"wp-image-3961\" srcset=\"https:\/\/www.aeroclubduplandedieu.fr\/wordpress\/wp-content\/uploads\/2024\/10\/A-bord-2n-1024x768.jpg 1024w, https:\/\/www.aeroclubduplandedieu.fr\/wordpress\/wp-content\/uploads\/2024\/10\/A-bord-2n-300x225.jpg 300w, https:\/\/www.aeroclubduplandedieu.fr\/wordpress\/wp-content\/uploads\/2024\/10\/A-bord-2n-768x576.jpg 768w, https:\/\/www.aeroclubduplandedieu.fr\/wordpress\/wp-content\/uploads\/2024\/10\/A-bord-2n-1536x1152.jpg 1536w, https:\/\/www.aeroclubduplandedieu.fr\/wordpress\/wp-content\/uploads\/2024\/10\/A-bord-2n-2048x1536.jpg 2048w\" sizes=\"auto, (max-width: 1024px) 100vw, 1024px\" \/><\/figure>\n\n\n\n<figure class=\"wp-block-image size-large\"><img loading=\"lazy\" decoding=\"async\" width=\"722\" height=\"1024\" data-id=\"3962\" src=\"https:\/\/www.aeroclubduplandedieu.fr\/wordpress\/wp-content\/uploads\/2024\/10\/Plaisir-1-722x1024.jpg\" alt=\"\" class=\"wp-image-3962\" srcset=\"https:\/\/www.aeroclubduplandedieu.fr\/wordpress\/wp-content\/uploads\/2024\/10\/Plaisir-1-722x1024.jpg 722w, https:\/\/www.aeroclubduplandedieu.fr\/wordpress\/wp-content\/uploads\/2024\/10\/Plaisir-1-212x300.jpg 212w, https:\/\/www.aeroclubduplandedieu.fr\/wordpress\/wp-content\/uploads\/2024\/10\/Plaisir-1-768x1089.jpg 768w, https:\/\/www.aeroclubduplandedieu.fr\/wordpress\/wp-content\/uploads\/2024\/10\/Plaisir-1-1084x1536.jpg 1084w, https:\/\/www.aeroclubduplandedieu.fr\/wordpress\/wp-content\/uploads\/2024\/10\/Plaisir-1-1445x2048.jpg 1445w, https:\/\/www.aeroclubduplandedieu.fr\/wordpress\/wp-content\/uploads\/2024\/10\/Plaisir-1-scaled.jpg 1806w\" sizes=\"auto, (max-width: 722px) 100vw, 722px\" \/><\/figure>\n<\/figure>\n\n\n\n<figure class=\"wp-block-gallery has-nested-images columns-default is-cropped wp-block-gallery-6 is-layout-flex wp-block-gallery-is-layout-flex\">\n<figure class=\"wp-block-image size-large\"><img loading=\"lazy\" decoding=\"async\" width=\"1024\" height=\"768\" data-id=\"3964\" src=\"https:\/\/www.aeroclubduplandedieu.fr\/wordpress\/wp-content\/uploads\/2024\/10\/A-bord-2n-1-1024x768.jpg\" alt=\"\" class=\"wp-image-3964\" srcset=\"https:\/\/www.aeroclubduplandedieu.fr\/wordpress\/wp-content\/uploads\/2024\/10\/A-bord-2n-1-1024x768.jpg 1024w, https:\/\/www.aeroclubduplandedieu.fr\/wordpress\/wp-content\/uploads\/2024\/10\/A-bord-2n-1-300x225.jpg 300w, https:\/\/www.aeroclubduplandedieu.fr\/wordpress\/wp-content\/uploads\/2024\/10\/A-bord-2n-1-768x576.jpg 768w, https:\/\/www.aeroclubduplandedieu.fr\/wordpress\/wp-content\/uploads\/2024\/10\/A-bord-2n-1-1536x1152.jpg 1536w, https:\/\/www.aeroclubduplandedieu.fr\/wordpress\/wp-content\/uploads\/2024\/10\/A-bord-2n-1-2048x1536.jpg 2048w\" sizes=\"auto, (max-width: 1024px) 100vw, 1024px\" \/><\/figure>\n\n\n\n<figure class=\"wp-block-image size-large\"><img loading=\"lazy\" decoding=\"async\" width=\"768\" height=\"1024\" data-id=\"3965\" src=\"https:\/\/www.aeroclubduplandedieu.fr\/wordpress\/wp-content\/uploads\/2024\/10\/Prepa-2-768x1024.jpg\" alt=\"\" class=\"wp-image-3965\" srcset=\"https:\/\/www.aeroclubduplandedieu.fr\/wordpress\/wp-content\/uploads\/2024\/10\/Prepa-2-768x1024.jpg 768w, https:\/\/www.aeroclubduplandedieu.fr\/wordpress\/wp-content\/uploads\/2024\/10\/Prepa-2-225x300.jpg 225w, https:\/\/www.aeroclubduplandedieu.fr\/wordpress\/wp-content\/uploads\/2024\/10\/Prepa-2-1152x1536.jpg 1152w, https:\/\/www.aeroclubduplandedieu.fr\/wordpress\/wp-content\/uploads\/2024\/10\/Prepa-2-1536x2048.jpg 1536w, https:\/\/www.aeroclubduplandedieu.fr\/wordpress\/wp-content\/uploads\/2024\/10\/Prepa-2-scaled.jpg 1920w\" sizes=\"auto, (max-width: 768px) 100vw, 768px\" \/><\/figure>\n\n\n\n<figure class=\"wp-block-image size-large\"><img loading=\"lazy\" decoding=\"async\" width=\"768\" height=\"1024\" data-id=\"3963\" src=\"https:\/\/www.aeroclubduplandedieu.fr\/wordpress\/wp-content\/uploads\/2024\/10\/Prepa-1-768x1024.jpg\" alt=\"\" class=\"wp-image-3963\" srcset=\"https:\/\/www.aeroclubduplandedieu.fr\/wordpress\/wp-content\/uploads\/2024\/10\/Prepa-1-768x1024.jpg 768w, https:\/\/www.aeroclubduplandedieu.fr\/wordpress\/wp-content\/uploads\/2024\/10\/Prepa-1-225x300.jpg 225w, https:\/\/www.aeroclubduplandedieu.fr\/wordpress\/wp-content\/uploads\/2024\/10\/Prepa-1-1152x1536.jpg 1152w, https:\/\/www.aeroclubduplandedieu.fr\/wordpress\/wp-content\/uploads\/2024\/10\/Prepa-1-1536x2048.jpg 1536w, https:\/\/www.aeroclubduplandedieu.fr\/wordpress\/wp-content\/uploads\/2024\/10\/Prepa-1-scaled.jpg 1920w\" sizes=\"auto, (max-width: 768px) 100vw, 768px\" \/><\/figure>\n<\/figure>\n\n\n\n<figure class=\"wp-block-gallery has-nested-images columns-default is-cropped wp-block-gallery-7 is-layout-flex wp-block-gallery-is-layout-flex\">\n<figure class=\"wp-block-image size-large\"><img loading=\"lazy\" decoding=\"async\" width=\"768\" height=\"1024\" data-id=\"3972\" src=\"https:\/\/www.aeroclubduplandedieu.fr\/wordpress\/wp-content\/uploads\/2024\/10\/A-bord-C-768x1024.jpg\" alt=\"\" class=\"wp-image-3972\" srcset=\"https:\/\/www.aeroclubduplandedieu.fr\/wordpress\/wp-content\/uploads\/2024\/10\/A-bord-C-768x1024.jpg 768w, https:\/\/www.aeroclubduplandedieu.fr\/wordpress\/wp-content\/uploads\/2024\/10\/A-bord-C-225x300.jpg 225w, https:\/\/www.aeroclubduplandedieu.fr\/wordpress\/wp-content\/uploads\/2024\/10\/A-bord-C-1152x1536.jpg 1152w, https:\/\/www.aeroclubduplandedieu.fr\/wordpress\/wp-content\/uploads\/2024\/10\/A-bord-C-1536x2048.jpg 1536w, https:\/\/www.aeroclubduplandedieu.fr\/wordpress\/wp-content\/uploads\/2024\/10\/A-bord-C-scaled.jpg 1920w\" sizes=\"auto, (max-width: 768px) 100vw, 768px\" \/><\/figure>\n\n\n\n<figure class=\"wp-block-image size-large\"><img loading=\"lazy\" decoding=\"async\" width=\"768\" height=\"1024\" data-id=\"3973\" src=\"https:\/\/www.aeroclubduplandedieu.fr\/wordpress\/wp-content\/uploads\/2024\/10\/A-bord-B-768x1024.jpg\" alt=\"\" class=\"wp-image-3973\" srcset=\"https:\/\/www.aeroclubduplandedieu.fr\/wordpress\/wp-content\/uploads\/2024\/10\/A-bord-B-768x1024.jpg 768w, https:\/\/www.aeroclubduplandedieu.fr\/wordpress\/wp-content\/uploads\/2024\/10\/A-bord-B-225x300.jpg 225w, https:\/\/www.aeroclubduplandedieu.fr\/wordpress\/wp-content\/uploads\/2024\/10\/A-bord-B-1152x1536.jpg 1152w, https:\/\/www.aeroclubduplandedieu.fr\/wordpress\/wp-content\/uploads\/2024\/10\/A-bord-B-1536x2048.jpg 1536w, https:\/\/www.aeroclubduplandedieu.fr\/wordpress\/wp-content\/uploads\/2024\/10\/A-bord-B-scaled.jpg 1920w\" sizes=\"auto, (max-width: 768px) 100vw, 768px\" \/><\/figure>\n\n\n\n<figure class=\"wp-block-image size-large\"><img loading=\"lazy\" decoding=\"async\" width=\"768\" height=\"1024\" data-id=\"3971\" src=\"https:\/\/www.aeroclubduplandedieu.fr\/wordpress\/wp-content\/uploads\/2024\/10\/A-bord-A-768x1024.jpg\" alt=\"\" class=\"wp-image-3971\" srcset=\"https:\/\/www.aeroclubduplandedieu.fr\/wordpress\/wp-content\/uploads\/2024\/10\/A-bord-A-768x1024.jpg 768w, https:\/\/www.aeroclubduplandedieu.fr\/wordpress\/wp-content\/uploads\/2024\/10\/A-bord-A-225x300.jpg 225w, https:\/\/www.aeroclubduplandedieu.fr\/wordpress\/wp-content\/uploads\/2024\/10\/A-bord-A-1152x1536.jpg 1152w, https:\/\/www.aeroclubduplandedieu.fr\/wordpress\/wp-content\/uploads\/2024\/10\/A-bord-A-1536x2048.jpg 1536w, https:\/\/www.aeroclubduplandedieu.fr\/wordpress\/wp-content\/uploads\/2024\/10\/A-bord-A-scaled.jpg 1920w\" sizes=\"auto, (max-width: 768px) 100vw, 768px\" \/><\/figure>\n<\/figure>\n\n\n\n<figure class=\"wp-block-gallery has-nested-images columns-default is-cropped wp-block-gallery-8 is-layout-flex wp-block-gallery-is-layout-flex\">\n<figure class=\"wp-block-image size-large\"><img loading=\"lazy\" decoding=\"async\" width=\"768\" height=\"1024\" data-id=\"3977\" src=\"https:\/\/www.aeroclubduplandedieu.fr\/wordpress\/wp-content\/uploads\/2024\/10\/A-bord-F-768x1024.jpg\" alt=\"\" class=\"wp-image-3977\" srcset=\"https:\/\/www.aeroclubduplandedieu.fr\/wordpress\/wp-content\/uploads\/2024\/10\/A-bord-F-768x1024.jpg 768w, https:\/\/www.aeroclubduplandedieu.fr\/wordpress\/wp-content\/uploads\/2024\/10\/A-bord-F-225x300.jpg 225w, https:\/\/www.aeroclubduplandedieu.fr\/wordpress\/wp-content\/uploads\/2024\/10\/A-bord-F-1152x1536.jpg 1152w, https:\/\/www.aeroclubduplandedieu.fr\/wordpress\/wp-content\/uploads\/2024\/10\/A-bord-F-1536x2048.jpg 1536w, https:\/\/www.aeroclubduplandedieu.fr\/wordpress\/wp-content\/uploads\/2024\/10\/A-bord-F-scaled.jpg 1920w\" sizes=\"auto, (max-width: 768px) 100vw, 768px\" \/><\/figure>\n\n\n\n<figure class=\"wp-block-image size-large\"><img loading=\"lazy\" decoding=\"async\" width=\"1024\" height=\"768\" data-id=\"3974\" src=\"https:\/\/www.aeroclubduplandedieu.fr\/wordpress\/wp-content\/uploads\/2024\/10\/A-bord-E-1024x768.jpg\" alt=\"\" class=\"wp-image-3974\" srcset=\"https:\/\/www.aeroclubduplandedieu.fr\/wordpress\/wp-content\/uploads\/2024\/10\/A-bord-E-1024x768.jpg 1024w, https:\/\/www.aeroclubduplandedieu.fr\/wordpress\/wp-content\/uploads\/2024\/10\/A-bord-E-300x225.jpg 300w, https:\/\/www.aeroclubduplandedieu.fr\/wordpress\/wp-content\/uploads\/2024\/10\/A-bord-E-768x576.jpg 768w, https:\/\/www.aeroclubduplandedieu.fr\/wordpress\/wp-content\/uploads\/2024\/10\/A-bord-E-1536x1152.jpg 1536w, https:\/\/www.aeroclubduplandedieu.fr\/wordpress\/wp-content\/uploads\/2024\/10\/A-bord-E-2048x1536.jpg 2048w\" sizes=\"auto, (max-width: 1024px) 100vw, 1024px\" \/><\/figure>\n\n\n\n<figure class=\"wp-block-image size-large\"><img loading=\"lazy\" decoding=\"async\" width=\"768\" height=\"1024\" data-id=\"3975\" src=\"https:\/\/www.aeroclubduplandedieu.fr\/wordpress\/wp-content\/uploads\/2024\/10\/A-bord-D-768x1024.jpg\" alt=\"\" class=\"wp-image-3975\" srcset=\"https:\/\/www.aeroclubduplandedieu.fr\/wordpress\/wp-content\/uploads\/2024\/10\/A-bord-D-768x1024.jpg 768w, https:\/\/www.aeroclubduplandedieu.fr\/wordpress\/wp-content\/uploads\/2024\/10\/A-bord-D-225x300.jpg 225w, https:\/\/www.aeroclubduplandedieu.fr\/wordpress\/wp-content\/uploads\/2024\/10\/A-bord-D-1152x1536.jpg 1152w, https:\/\/www.aeroclubduplandedieu.fr\/wordpress\/wp-content\/uploads\/2024\/10\/A-bord-D-1536x2048.jpg 1536w, https:\/\/www.aeroclubduplandedieu.fr\/wordpress\/wp-content\/uploads\/2024\/10\/A-bord-D-scaled.jpg 1920w\" sizes=\"auto, (max-width: 768px) 100vw, 768px\" \/><\/figure>\n<\/figure>\n\n\n\n<figure class=\"wp-block-image size-large\"><img loading=\"lazy\" decoding=\"async\" width=\"722\" height=\"1024\" src=\"https:\/\/www.aeroclubduplandedieu.fr\/wordpress\/wp-content\/uploads\/2024\/10\/Plaisir-1-722x1024.jpg\" alt=\"\" class=\"wp-image-3962\" srcset=\"https:\/\/www.aeroclubduplandedieu.fr\/wordpress\/wp-content\/uploads\/2024\/10\/Plaisir-1-722x1024.jpg 722w, https:\/\/www.aeroclubduplandedieu.fr\/wordpress\/wp-content\/uploads\/2024\/10\/Plaisir-1-212x300.jpg 212w, https:\/\/www.aeroclubduplandedieu.fr\/wordpress\/wp-content\/uploads\/2024\/10\/Plaisir-1-768x1089.jpg 768w, https:\/\/www.aeroclubduplandedieu.fr\/wordpress\/wp-content\/uploads\/2024\/10\/Plaisir-1-1084x1536.jpg 1084w, https:\/\/www.aeroclubduplandedieu.fr\/wordpress\/wp-content\/uploads\/2024\/10\/Plaisir-1-1445x2048.jpg 1445w, https:\/\/www.aeroclubduplandedieu.fr\/wordpress\/wp-content\/uploads\/2024\/10\/Plaisir-1-scaled.jpg 1806w\" sizes=\"auto, (max-width: 722px) 100vw, 722px\" \/><\/figure>\n","protected":false},"excerpt":{"rendered":"<p>La journ\u00e9e Une petite AILE en PLUS (Handivol) s&rsquo;est d\u00e9roul\u00e9e le 5 octobre 2024 sur plusieurs a\u00e9rodromes de Vaucluse. Ce lien hypertexte vous permet de t\u00e9l\u00e9charger les photos et vid\u00e9os [&hellip;]<\/p>\n","protected":false},"author":1,"featured_media":0,"parent":0,"menu_order":0,"comment_status":"closed","ping_status":"closed","template":"page-fullwidth.php","meta":{"footnotes":""},"class_list":["post-3919","page","type-page","status-publish","hentry"],"_links":{"self":[{"href":"https:\/\/www.aeroclubduplandedieu.fr\/2021\/wp-json\/wp\/v2\/pages\/3919","targetHints":{"allow":["GET"]}}],"collection":[{"href":"https:\/\/www.aeroclubduplandedieu.fr\/2021\/wp-json\/wp\/v2\/pages"}],"about":[{"href":"https:\/\/www.aeroclubduplandedieu.fr\/2021\/wp-json\/wp\/v2\/types\/page"}],"author":[{"embeddable":true,"href":"https:\/\/www.aeroclubduplandedieu.fr\/2021\/wp-json\/wp\/v2\/users\/1"}],"replies":[{"embeddable":true,"href":"https:\/\/www.aeroclubduplandedieu.fr\/2021\/wp-json\/wp\/v2\/comments?post=3919"}],"version-history":[{"count":16,"href":"https:\/\/www.aeroclubduplandedieu.fr\/2021\/wp-json\/wp\/v2\/pages\/3919\/revisions"}],"predecessor-version":[{"id":5305,"href":"https:\/\/www.aeroclubduplandedieu.fr\/2021\/wp-json\/wp\/v2\/pages\/3919\/revisions\/5305"}],"wp:attachment":[{"href":"https:\/\/www.aeroclubduplandedieu.fr\/2021\/wp-json\/wp\/v2\/media?parent=3919"}],"curies":[{"name":"wp","href":"https:\/\/api.w.org\/{rel}","templated":true}]}}