{"id":4691,"date":"2025-07-31T14:48:35","date_gmt":"2025-07-31T12:48:35","guid":{"rendered":"https:\/\/www.aeroclubduplandedieu.fr\/2021\/?page_id=4691"},"modified":"2026-04-08T12:14:44","modified_gmt":"2026-04-08T10:14:44","slug":"coordonnes","status":"publish","type":"page","link":"https:\/\/www.aeroclubduplandedieu.fr\/2021\/coordonnes\/","title":{"rendered":"Coordonn\u00e9es"},"content":{"rendered":"\n<h2 class=\"wp-block-heading\" id=\"pour-nous-contacter\">Pour nous contacter : <\/h2>\n\n\n\n<figure class=\"wp-block-image\"><img loading=\"lazy\" decoding=\"async\" width=\"1024\" height=\"683\" src=\"https:\/\/www.aeroclubduplandedieu.fr\/wordpress\/wp-content\/uploads\/2021\/07\/2021_A115_091_K_001_002-1024x683.jpg\" alt=\"\" class=\"wp-image-493\" srcset=\"https:\/\/www.aeroclubduplandedieu.fr\/wordpress\/wp-content\/uploads\/2021\/07\/2021_A115_091_K_001_002-1024x683.jpg 1024w, https:\/\/www.aeroclubduplandedieu.fr\/wordpress\/wp-content\/uploads\/2021\/07\/2021_A115_091_K_001_002-300x200.jpg 300w, https:\/\/www.aeroclubduplandedieu.fr\/wordpress\/wp-content\/uploads\/2021\/07\/2021_A115_091_K_001_002-768x512.jpg 768w, https:\/\/www.aeroclubduplandedieu.fr\/wordpress\/wp-content\/uploads\/2021\/07\/2021_A115_091_K_001_002-1536x1024.jpg 1536w, https:\/\/www.aeroclubduplandedieu.fr\/wordpress\/wp-content\/uploads\/2021\/07\/2021_A115_091_K_001_002-2048x1365.jpg 2048w\" sizes=\"auto, (max-width: 1024px) 100vw, 1024px\" \/><\/figure>\n\n\n\n<p><strong>T\u00e9l\u00e9phone<\/strong>&nbsp;: +33 (0)6 85 53 72 83<\/p>\n\n\n\n<p><strong>Messagerie<\/strong>&nbsp;:&nbsp;<a href=\"mailto:secretaire@aeroclubduplandedieu.fr\">secretaire@acpdd.fr<\/a><\/p>\n\n\n\n<p><strong>Courrier :<\/strong>&nbsp;A\u00e9rodrome du Plan de Dieu <\/p>\n\n\n\n<p>37 route de Sablet (quartier Plan de Dieu )<\/p>\n\n\n\n<p>84850 TRAVAILLAN<\/p>\n\n\n\n<p>Retrouvez nous aussi sur <a href=\"http:\/\/www.mairie.com\" data-type=\"link\" data-id=\"www.mairie.com\" target=\"_blank\" rel=\"noreferrer noopener\">www.mairie.com<\/a><\/p>\n\n\n\n<p><\/p>\n\n\n\n<h2 class=\"wp-block-heading\" id=\"pour-venir\">Pour venir :<\/h2>\n\n\n\n<p><a href=\"https:\/\/www.google.fr\/maps\/@44.1850823,4.9022339,9431m\/data=!3m1!1e3?hl=fr\" target=\"_blank\" rel=\"noreferrer noopener\"><strong>Par la route :<\/strong><\/a><\/p>\n\n\n\n<figure class=\"wp-block-image\"><img loading=\"lazy\" decoding=\"async\" width=\"350\" height=\"172\" src=\"https:\/\/www.aeroclubduplandedieu.fr\/wordpress\/wp-content\/uploads\/2021\/10\/image.png\" alt=\"\" class=\"wp-image-843\" srcset=\"https:\/\/www.aeroclubduplandedieu.fr\/wordpress\/wp-content\/uploads\/2021\/10\/image.png 350w, https:\/\/www.aeroclubduplandedieu.fr\/wordpress\/wp-content\/uploads\/2021\/10\/image-300x147.png 300w\" sizes=\"auto, (max-width: 350px) 100vw, 350px\" \/><\/figure>\n\n\n\n<p>Depuis Orange, prendre la direction de Camaret.<\/p>\n\n\n\n<p>Puis, au rond-point \u00e0 la sortie de Camaret, prendre la D 23 direction Sablet.<\/p>\n\n\n\n<p>Environ 3,5 km apr\u00e8s, sur la gauche, vous verrez le panneau annon\u00e7ant le club. Prenez ce chemin et allez tout droit jusqu\u2019aux b\u00e2timents du club. <\/p>\n\n\n\n<p><\/p>\n\n\n\n<p><strong>Par la voie des airs :<\/strong><\/p>\n\n\n\n<ul class=\"wp-block-list\">\n<li class=\"has-comic-neue-font-family\"><strong>Demande d\u2019atterrissage PDD<\/strong><ul><li>Notre terrain est sous l\u2019autorit\u00e9 de la BA115 (Base a\u00e9rienne d\u2019Orange)Pour venir nous rendre visite en avion, vous devez au pr\u00e9alable d\u00e9poser une demande d\u2019autorisation d\u2019 atterrissage en remplissant ce formulaire :<ul><li>soit en Word.docx&nbsp; *&nbsp;<a href=\"https:\/\/www.aeroclubduplandedieu.fr\/wordpress\/wp-content\/uploads\/2021\/12\/Demande-datterrissage-PDD.docx\" target=\"_blank\" rel=\"noreferrer noopener\"><\/a><a href=\"https:\/\/www.aeroclubduplandedieu.fr\/wordpress\/wp-content\/uploads\/2026\/04\/Demande-datterrissage-PDD-version-2026-1.docx\" data-type=\"link\" data-id=\"https:\/\/www.aeroclubduplandedieu.fr\/wordpress\/wp-content\/uploads\/2026\/04\/Demande-datterrissage-PDD-version-2026-1.docx\" target=\"_blank\" rel=\"noreferrer noopener\">Demande d\u2019atterrissage-PDD<\/a><\/li><\/ul><\/li><\/ul><\/li>\n\n\n\n<li class=\"has-comic-neue-font-family\"><ul><li><ul><li>soit en .pdf&nbsp; *&nbsp;<a href=\"https:\/\/www.aeroclubduplandedieu.fr\/wordpress\/wp-content\/uploads\/2021\/12\/Demande-datterrissage-PDD.pdf\" target=\"_blank\" rel=\"noreferrer noopener\"><\/a><a href=\"https:\/\/www.aeroclubduplandedieu.fr\/wordpress\/wp-content\/uploads\/2026\/04\/Demande-datterrissage-PDD-version-2026-1.pdf\" data-type=\"link\" data-id=\"https:\/\/www.aeroclubduplandedieu.fr\/wordpress\/wp-content\/uploads\/2026\/04\/Demande-datterrissage-PDD-version-2026-1.pdf\" target=\"_blank\" rel=\"noreferrer noopener\">Demande d\u2019atterrissage-PDD<\/a><\/li><\/ul><\/li><\/ul>\n<ul class=\"wp-block-list\">\n<li class=\"has-comic-neue-font-family\">Prendre en compte <a href=\"https:\/\/www.aeroclubduplandedieu.fr\/wordpress\/wp-content\/uploads\/2026\/04\/ZIT-ORANGE-SUP-AIP-013-26-1.pdf\" data-type=\"link\" data-id=\"https:\/\/www.aeroclubduplandedieu.fr\/wordpress\/wp-content\/uploads\/2026\/04\/ZIT-ORANGE-SUP-AIP-013-26-1.pdf\" target=\"_blank\" rel=\"noreferrer noopener\">ZIT ORANGE SUP AIP AIRAC 013\/26<\/a>\n<ul class=\"wp-block-list\">\n<li>Une fois tous les champs renseign\u00e9s, vous pouvez nous la faire parvenir\n<ul class=\"wp-block-list\">\n<li>par email :&nbsp;<a href=\"mailto:secretaire@aeroclubduplandedieu.fr\">secretaire@acpdd.fr<\/a><\/li>\n\n\n\n<li>ou par la poste \u00e0 l\u2019adresse suivante :\n<ul class=\"wp-block-list\">\n<li>A\u00e9rodrome du Plan de Dieu 37 route de Sablet (quartier Plan de Dieu) 84850 TRAVAILLAN.<\/li>\n<\/ul>\n<\/li>\n<\/ul>\n<\/li>\n<\/ul>\n<\/li>\n<\/ul>\n<\/li>\n\n\n\n<li>Pour info \n<ul class=\"wp-block-list\">\n<li><a href=\"https:\/\/www.aeroclubduplandedieu.fr\/wordpress\/wp-content\/uploads\/2026\/03\/lf_sup_a_2026_037_fr.pdf.pdf\" target=\"_blank\" rel=\"noreferrer noopener\">SUP AIP AIRAC 037\/26<\/a><\/li>\n\n\n\n<li><a href=\"https:\/\/www.aeroclubduplandedieu.fr\/wordpress\/wp-content\/uploads\/2025\/12\/LFPR_FR.pdf\" data-type=\"link\" data-id=\"https:\/\/www.aeroclubduplandedieu.fr\/wordpress\/wp-content\/uploads\/2025\/12\/LFPR_FR.pdf\" target=\"_blank\" rel=\"noreferrer noopener\">Fiche ICARUS PDD<\/a> (ce fichier n&rsquo;est pas \u00e0 jour!)<\/li>\n\n\n\n<li><a href=\"https:\/\/www.sia.aviation-civile.gouv.fr\/media\/store\/documents\/file\/l\/f\/lf_sup_2026_013_fr.pdf\" data-type=\"link\" data-id=\"https:\/\/www.sia.aviation-civile.gouv.fr\/media\/store\/documents\/file\/l\/f\/lf_sup_2026_013_fr.pdf\" target=\"_blank\" rel=\"noreferrer noopener\"><em>Cr\u00e9ation d&rsquo;une zone interdite temporaire (ZIT) ORANGE (84)<br>Du jeudi 12 f\u00e9vrier 2026 au mercredi 14 avril 2027<\/em><\/a><\/li>\n\n\n\n<li><a href=\"https:\/\/www.aeroclubduplandedieu.fr\/wordpress\/wp-content\/uploads\/2026\/03\/AD-2.LFPR_.pdf\" data-type=\"link\" data-id=\"https:\/\/www.aeroclubduplandedieu.fr\/wordpress\/wp-content\/uploads\/2026\/03\/AD-2.LFPR_.pdf\" target=\"_blank\" rel=\"noreferrer noopener\">Carte VAC PDD LFPR<\/a> <\/li>\n<\/ul>\n<\/li>\n<\/ul>\n\n\n\n<p><strong>NOTA BENE :<em>&nbsp;Nous attirons votre attention sur le fait que la demande doit nous \u00eatre parvenue au minimum 1 semaine avant votre venue. Sans autorisation pr\u00e9alable vous ne serez pas autoris\u00e9s \u00e0 vous poser.<\/em><\/strong><\/p>\n\n\n\n<div data-wp-interactive=\"core\/file\" class=\"wp-block-file\"><object data-wp-bind--hidden=\"!state.hasPdfPreview\" hidden class=\"wp-block-file__embed\" data=\"https:\/\/www.aeroclubduplandedieu.fr\/wordpress\/wp-content\/uploads\/2025\/12\/Depliant_05122025.pdf\" type=\"application\/pdf\" style=\"width:100%;height:600px\" aria-label=\"Contenu embarqu\u00e9 D\u00e9pliant_05122025.\"><\/object><a id=\"wp-block-file--media-59126cfe-85c5-4fbe-bb84-6094062f8da4\" href=\"https:\/\/www.aeroclubduplandedieu.fr\/wordpress\/wp-content\/uploads\/2025\/12\/Depliant_05122025.pdf\">D\u00e9pliant_05122025<\/a><a href=\"https:\/\/www.aeroclubduplandedieu.fr\/wordpress\/wp-content\/uploads\/2025\/12\/Depliant_05122025.pdf\" class=\"wp-block-file__button wp-element-button\" download aria-describedby=\"wp-block-file--media-59126cfe-85c5-4fbe-bb84-6094062f8da4\">T\u00e9l\u00e9charger<\/a><\/div>\n\n\n\n<div data-wp-interactive=\"core\/file\" class=\"wp-block-file\"><object data-wp-bind--hidden=\"!state.hasPdfPreview\" hidden class=\"wp-block-file__embed\" data=\"https:\/\/www.aeroclubduplandedieu.fr\/wordpress\/wp-content\/uploads\/2026\/03\/AD-2.LFPR_.pdf\" type=\"application\/pdf\" style=\"width:100%;height:600px\" aria-label=\"Contenu embarqu\u00e9 AD-2.LFPR.\"><\/object><a id=\"wp-block-file--media-d11725f4-fa07-4314-ac10-1acc65dfc467\" href=\"https:\/\/www.aeroclubduplandedieu.fr\/wordpress\/wp-content\/uploads\/2026\/03\/AD-2.LFPR_.pdf\">AD-2.LFPR<\/a><a href=\"https:\/\/www.aeroclubduplandedieu.fr\/wordpress\/wp-content\/uploads\/2026\/03\/AD-2.LFPR_.pdf\" class=\"wp-block-file__button wp-element-button\" download aria-describedby=\"wp-block-file--media-d11725f4-fa07-4314-ac10-1acc65dfc467\">T\u00e9l\u00e9charger<\/a><\/div>\n\n\n\n<div data-wp-interactive=\"core\/file\" class=\"wp-block-file\"><object data-wp-bind--hidden=\"!state.hasPdfPreview\" hidden class=\"wp-block-file__embed\" data=\"https:\/\/www.aeroclubduplandedieu.fr\/wordpress\/wp-content\/uploads\/2026\/04\/ZIT-ORANGE-SUP-AIP-013-26.pdf\" type=\"application\/pdf\" style=\"width:100%;height:600px\" aria-label=\"Contenu embarqu\u00e9 ZIT ORANGE SUP AIP 013-26.\"><\/object><a id=\"wp-block-file--media-a51e68ad-c019-48d2-8a58-e2855e97ad6c\" href=\"https:\/\/www.aeroclubduplandedieu.fr\/wordpress\/wp-content\/uploads\/2026\/04\/ZIT-ORANGE-SUP-AIP-013-26.pdf\">ZIT ORANGE SUP AIP 013-26<\/a><a href=\"https:\/\/www.aeroclubduplandedieu.fr\/wordpress\/wp-content\/uploads\/2026\/04\/ZIT-ORANGE-SUP-AIP-013-26.pdf\" class=\"wp-block-file__button wp-element-button\" download aria-describedby=\"wp-block-file--media-a51e68ad-c019-48d2-8a58-e2855e97ad6c\">T\u00e9l\u00e9charger<\/a><\/div>\n\n\n\n<div class=\"wp-block-file\"><a id=\"wp-block-file--media-a92bd6fa-f507-4d20-8817-448bd2370488\" href=\"https:\/\/www.aeroclubduplandedieu.fr\/wordpress\/wp-content\/uploads\/2026\/04\/Demande-datterrissage-PDD-version-2026-1.docx\">Demande-datterrissage-PDD version 2026<\/a><a href=\"https:\/\/www.aeroclubduplandedieu.fr\/wordpress\/wp-content\/uploads\/2026\/04\/Demande-datterrissage-PDD-version-2026-1.docx\" class=\"wp-block-file__button wp-element-button\" download aria-describedby=\"wp-block-file--media-a92bd6fa-f507-4d20-8817-448bd2370488\">T\u00e9l\u00e9charger<\/a><\/div>\n\n\n\n<div data-wp-interactive=\"core\/file\" class=\"wp-block-file\"><object data-wp-bind--hidden=\"!state.hasPdfPreview\" hidden class=\"wp-block-file__embed\" data=\"https:\/\/www.aeroclubduplandedieu.fr\/wordpress\/wp-content\/uploads\/2026\/04\/Demande-datterrissage-PDD-version-2026-1.pdf\" type=\"application\/pdf\" style=\"width:100%;height:600px\" aria-label=\"Contenu embarqu\u00e9 Demande-datterrissage-PDD version 2026.\"><\/object><a id=\"wp-block-file--media-cde0d39a-8c71-42cf-96d9-93c308dcc1be\" href=\"https:\/\/www.aeroclubduplandedieu.fr\/wordpress\/wp-content\/uploads\/2026\/04\/Demande-datterrissage-PDD-version-2026-1.pdf\">Demande-datterrissage-PDD version 2026<\/a><a href=\"https:\/\/www.aeroclubduplandedieu.fr\/wordpress\/wp-content\/uploads\/2026\/04\/Demande-datterrissage-PDD-version-2026-1.pdf\" class=\"wp-block-file__button wp-element-button\" download aria-describedby=\"wp-block-file--media-cde0d39a-8c71-42cf-96d9-93c308dcc1be\">T\u00e9l\u00e9charger<\/a><\/div>\n\n\n\n<div data-wp-interactive=\"core\/file\" class=\"wp-block-file\"><object data-wp-bind--hidden=\"!state.hasPdfPreview\" hidden class=\"wp-block-file__embed\" data=\"https:\/\/www.aeroclubduplandedieu.fr\/wordpress\/wp-content\/uploads\/2026\/04\/ZIT-ORANGE-SUP-AIP-013-26-1.pdf\" type=\"application\/pdf\" style=\"width:100%;height:600px\" aria-label=\"Contenu embarqu\u00e9 ZIT ORANGE SUP AIP 013-26.\"><\/object><a id=\"wp-block-file--media-78fcb646-8177-4c53-8753-73e40e55bd26\" href=\"https:\/\/www.aeroclubduplandedieu.fr\/wordpress\/wp-content\/uploads\/2026\/04\/ZIT-ORANGE-SUP-AIP-013-26-1.pdf\">ZIT ORANGE SUP AIP 013-26<\/a><a href=\"https:\/\/www.aeroclubduplandedieu.fr\/wordpress\/wp-content\/uploads\/2026\/04\/ZIT-ORANGE-SUP-AIP-013-26-1.pdf\" class=\"wp-block-file__button wp-element-button\" download aria-describedby=\"wp-block-file--media-78fcb646-8177-4c53-8753-73e40e55bd26\">T\u00e9l\u00e9charger<\/a><\/div>\n","protected":false},"excerpt":{"rendered":"<p>Pour nous contacter : T\u00e9l\u00e9phone&nbsp;: +33 (0)6 85 53 72 83 Messagerie&nbsp;:&nbsp;secretaire@acpdd.fr Courrier :&nbsp;A\u00e9rodrome du Plan de Dieu 37 route de Sablet (quartier Plan de Dieu ) 84850 TRAVAILLAN Retrouvez [&hellip;]<\/p>\n","protected":false},"author":1,"featured_media":0,"parent":0,"menu_order":0,"comment_status":"closed","ping_status":"closed","template":"page-fullwidth.php","meta":{"footnotes":""},"class_list":["post-4691","page","type-page","status-publish","hentry"],"_links":{"self":[{"href":"https:\/\/www.aeroclubduplandedieu.fr\/2021\/wp-json\/wp\/v2\/pages\/4691","targetHints":{"allow":["GET"]}}],"collection":[{"href":"https:\/\/www.aeroclubduplandedieu.fr\/2021\/wp-json\/wp\/v2\/pages"}],"about":[{"href":"https:\/\/www.aeroclubduplandedieu.fr\/2021\/wp-json\/wp\/v2\/types\/page"}],"author":[{"embeddable":true,"href":"https:\/\/www.aeroclubduplandedieu.fr\/2021\/wp-json\/wp\/v2\/users\/1"}],"replies":[{"embeddable":true,"href":"https:\/\/www.aeroclubduplandedieu.fr\/2021\/wp-json\/wp\/v2\/comments?post=4691"}],"version-history":[{"count":24,"href":"https:\/\/www.aeroclubduplandedieu.fr\/2021\/wp-json\/wp\/v2\/pages\/4691\/revisions"}],"predecessor-version":[{"id":5670,"href":"https:\/\/www.aeroclubduplandedieu.fr\/2021\/wp-json\/wp\/v2\/pages\/4691\/revisions\/5670"}],"wp:attachment":[{"href":"https:\/\/www.aeroclubduplandedieu.fr\/2021\/wp-json\/wp\/v2\/media?parent=4691"}],"curies":[{"name":"wp","href":"https:\/\/api.w.org\/{rel}","templated":true}]}}