{"id":5396,"date":"2025-10-27T11:22:13","date_gmt":"2025-10-27T10:22:13","guid":{"rendered":"https:\/\/www.aeroclubduplandedieu.fr\/2021\/?page_id=5396"},"modified":"2026-03-30T15:26:52","modified_gmt":"2026-03-30T13:26:52","slug":"cest-nouveau-ca-vient-de-sortir","status":"publish","type":"page","link":"https:\/\/www.aeroclubduplandedieu.fr\/2021\/cest-nouveau-ca-vient-de-sortir\/","title":{"rendered":"C&rsquo;est nouveau! Ca vient de sortir."},"content":{"rendered":"\n<p>Cette page rassemble les informations r\u00e9centes. A consulter \u00e0 chaque nouvelle connexion.<\/p>\n\n\n\n<p>***********************************************************************************************<\/p>\n\n\n\n<p><\/p>\n\n\n\n<ul class=\"wp-block-list\">\n<li><a href=\"https:\/\/www.aeroclubduplandedieu.fr\/wordpress\/wp-content\/uploads\/2026\/03\/lf_sup_a_2026_037_fr.pdf.pdf\" target=\"_blank\" rel=\"noreferrer noopener\">IF&nbsp;<strong>SUP A&nbsp;<\/strong>2026 037<\/a><\/li>\n<\/ul>\n\n\n\n<p>Objet :<br>Internet : www.sia.aviation-civile.gouv.fr<br>Cr\u00e9ation d&rsquo;une zone interdite temporaire (ZIT) ORANGE (84)<br><strong>SUP AIP 013\/26<\/strong><br>Date de publication : 29 JAN 2026<br>En vigueur : Du jeudi 12 f\u00e9vrier 2026 au mercredi 14 avril 2027<\/p>\n\n\n\n<p><a href=\"https:\/\/www.sia.aviation-civile.gouv.fr\/media\/store\/documents\/file\/l\/f\/lf_sup_2026_013_fr.pdf\">https:\/\/www.sia.aviation-civile.gouv.fr\/media\/store\/documents\/file\/l\/f\/lf_sup_2026_013_fr.pdf<\/a><\/p>\n\n\n\n<p>************************************************************************************************<\/p>\n\n\n\n<p>OBJET : Regroupement des BTIV (Bureaux de Traitement de l\u2019Information de Vol)<\/p>\n\n\n\n<p><a href=\"https:\/\/www.aerovfr.com\/wp-content\/uploads\/2026\/01\/BTIV2026.pdf\">https:\/\/www.aerovfr.com\/wp-content\/uploads\/2026\/01\/BTIV2026.pdf<\/a><\/p>\n\n\n\n<p><a href=\"https:\/\/www.aeroclubduplandedieu.fr\/wordpress\/wp-content\/uploads\/2025\/12\/LFPR_FR.pdf\" data-type=\"link\" data-id=\"https:\/\/www.aeroclubduplandedieu.fr\/wordpress\/wp-content\/uploads\/2025\/12\/LFPR_FR.pdf\" target=\"_blank\" rel=\"noreferrer noopener\">Fiche ICARUS PDD<\/a><\/p>\n\n\n\n<p>Consultez la page PARAMETRES AVIONS pour tout savoir sur le TECNAM P2010<\/p>\n\n\n\n<figure class=\"wp-block-embed is-type-wp-embed is-provider-a-roclub-du-plan-de-dieu wp-block-embed-a-roclub-du-plan-de-dieu\"><div class=\"wp-block-embed__wrapper\">\n<blockquote class=\"wp-embedded-content\" data-secret=\"Z8DO0T9bVQ\"><a href=\"https:\/\/www.aeroclubduplandedieu.fr\/2021\/parametres-avions\/\">PARAMETRES AVIONS<\/a><\/blockquote><iframe loading=\"lazy\" class=\"wp-embedded-content\" sandbox=\"allow-scripts\" security=\"restricted\" style=\"position: absolute; visibility: hidden;\" title=\"\u00ab\u00a0PARAMETRES AVIONS\u00a0\u00bb &#8212; A\u00e9roclub du Plan de Dieu\" src=\"https:\/\/www.aeroclubduplandedieu.fr\/2021\/parametres-avions\/embed\/#?secret=qenK9FGpMX#?secret=Z8DO0T9bVQ\" data-secret=\"Z8DO0T9bVQ\" width=\"600\" height=\"338\" frameborder=\"0\" marginwidth=\"0\" marginheight=\"0\" scrolling=\"no\"><\/iframe>\n<\/div><\/figure>\n\n\n\n<figure class=\"wp-block-image size-large\"><img loading=\"lazy\" decoding=\"async\" width=\"1024\" height=\"577\" src=\"https:\/\/www.aeroclubduplandedieu.fr\/wordpress\/wp-content\/uploads\/2025\/12\/1000037987-1024x577.jpg\" alt=\"\" class=\"wp-image-5494\" srcset=\"https:\/\/www.aeroclubduplandedieu.fr\/wordpress\/wp-content\/uploads\/2025\/12\/1000037987-1024x577.jpg 1024w, https:\/\/www.aeroclubduplandedieu.fr\/wordpress\/wp-content\/uploads\/2025\/12\/1000037987-300x169.jpg 300w, https:\/\/www.aeroclubduplandedieu.fr\/wordpress\/wp-content\/uploads\/2025\/12\/1000037987-768x432.jpg 768w, https:\/\/www.aeroclubduplandedieu.fr\/wordpress\/wp-content\/uploads\/2025\/12\/1000037987-1536x865.jpg 1536w, https:\/\/www.aeroclubduplandedieu.fr\/wordpress\/wp-content\/uploads\/2025\/12\/1000037987-2048x1153.jpg 2048w\" sizes=\"auto, (max-width: 1024px) 100vw, 1024px\" \/><\/figure>\n\n\n\n<figure class=\"wp-block-image size-large\"><img loading=\"lazy\" decoding=\"async\" width=\"789\" height=\"1024\" src=\"https:\/\/www.aeroclubduplandedieu.fr\/wordpress\/wp-content\/uploads\/2025\/12\/Raven-Flo-789x1024.png\" alt=\"\" class=\"wp-image-5485\" srcset=\"https:\/\/www.aeroclubduplandedieu.fr\/wordpress\/wp-content\/uploads\/2025\/12\/Raven-Flo-789x1024.png 789w, https:\/\/www.aeroclubduplandedieu.fr\/wordpress\/wp-content\/uploads\/2025\/12\/Raven-Flo-231x300.png 231w, https:\/\/www.aeroclubduplandedieu.fr\/wordpress\/wp-content\/uploads\/2025\/12\/Raven-Flo-768x997.png 768w, https:\/\/www.aeroclubduplandedieu.fr\/wordpress\/wp-content\/uploads\/2025\/12\/Raven-Flo.png 892w\" sizes=\"auto, (max-width: 789px) 100vw, 789px\" \/><\/figure>\n\n\n\n<div data-wp-interactive=\"core\/file\" class=\"wp-block-file\"><object data-wp-bind--hidden=\"!state.hasPdfPreview\" hidden class=\"wp-block-file__embed\" data=\"https:\/\/www.aeroclubduplandedieu.fr\/wordpress\/wp-content\/uploads\/2025\/12\/2025-11-IS-scud-running-VF.pdf\" type=\"application\/pdf\" style=\"width:100%;height:600px\" aria-label=\"Contenu embarqu\u00e9 2025-11-IS scud running VF.\"><\/object><a id=\"wp-block-file--media-bf57ead5-b74b-4948-93d1-980deb58afeb\" href=\"https:\/\/www.aeroclubduplandedieu.fr\/wordpress\/wp-content\/uploads\/2025\/12\/2025-11-IS-scud-running-VF.pdf\">2025-11-IS scud running VF<\/a><a href=\"https:\/\/www.aeroclubduplandedieu.fr\/wordpress\/wp-content\/uploads\/2025\/12\/2025-11-IS-scud-running-VF.pdf\" class=\"wp-block-file__button wp-element-button\" download aria-describedby=\"wp-block-file--media-bf57ead5-b74b-4948-93d1-980deb58afeb\">T\u00e9l\u00e9charger<\/a><\/div>\n\n\n\n<div data-wp-interactive=\"core\/file\" class=\"wp-block-file\"><object data-wp-bind--hidden=\"!state.hasPdfPreview\" hidden class=\"wp-block-file__embed\" data=\"https:\/\/www.aeroclubduplandedieu.fr\/wordpress\/wp-content\/uploads\/2025\/11\/2025_10_-REX-NG-INFO_4-VF.pdf\" type=\"application\/pdf\" style=\"width:100%;height:600px\" aria-label=\"Contenu embarqu\u00e9 2025_10_ REX NG INFO_4 VF.\"><\/object><a id=\"wp-block-file--media-607762d7-e9cb-4236-9022-a8cc7b6690b4\" href=\"https:\/\/www.aeroclubduplandedieu.fr\/wordpress\/wp-content\/uploads\/2025\/11\/2025_10_-REX-NG-INFO_4-VF.pdf\">2025_10_ REX NG INFO_4 VF<\/a><a href=\"https:\/\/www.aeroclubduplandedieu.fr\/wordpress\/wp-content\/uploads\/2025\/11\/2025_10_-REX-NG-INFO_4-VF.pdf\" class=\"wp-block-file__button wp-element-button\" download aria-describedby=\"wp-block-file--media-607762d7-e9cb-4236-9022-a8cc7b6690b4\">T\u00e9l\u00e9charger<\/a><\/div>\n\n\n\n<div data-wp-interactive=\"core\/file\" class=\"wp-block-file\"><object data-wp-bind--hidden=\"!state.hasPdfPreview\" hidden class=\"wp-block-file__embed\" data=\"https:\/\/www.aeroclubduplandedieu.fr\/wordpress\/wp-content\/uploads\/2025\/10\/Alccol-et-stups.pdf\" type=\"application\/pdf\" style=\"width:100%;height:600px\" aria-label=\"Contenu embarqu\u00e9 Alccol et stups.\"><\/object><a id=\"wp-block-file--media-8921b6be-8205-4de4-99ce-15182d9021d5\" href=\"https:\/\/www.aeroclubduplandedieu.fr\/wordpress\/wp-content\/uploads\/2025\/10\/Alccol-et-stups.pdf\">Alccol et stups<\/a><a href=\"https:\/\/www.aeroclubduplandedieu.fr\/wordpress\/wp-content\/uploads\/2025\/10\/Alccol-et-stups.pdf\" class=\"wp-block-file__button wp-element-button\" download aria-describedby=\"wp-block-file--media-8921b6be-8205-4de4-99ce-15182d9021d5\">T\u00e9l\u00e9charger<\/a><\/div>\n\n\n\n<p><strong><a href=\"https:\/\/www.aeroclubduplandedieu.fr\/wordpress\/wp-content\/uploads\/2025\/03\/2025-03-04-Reglement-Interieur-Version-approuvee-AGO.pdf\" target=\"_blank\" rel=\"noreferrer noopener\">R\u00e8glement int\u00e9rieur modifi\u00e9,<\/a>&nbsp;approuv\u00e9 en AGO f\u00e9vrier 2025. Pour un bon fonctionnement de l\u2019a\u00e9roclub, la bonne connaissance de ce r\u00e8glement r\u00e9actualis\u00e9 est n\u00e9cessaire pour tous les membres de l\u2019a\u00e9roclub.<\/strong><\/p>\n\n\n\n<p><strong><em>C\u2019EST NOUVEAU ! \u00e7a vient de sortir<\/em>.<\/strong><\/p>\n\n\n\n<p><a href=\"https:\/\/www.aeroclubduplandedieu.fr\/wordpress\/wp-content\/uploads\/2025\/10\/Renouv-cotisation-2025-2026.xlsx\">Renouv cotisation 2025-2026T\u00e9l\u00e9charger<\/a><\/p>\n\n\n\n<p>Voici le temps de penser \u00e0 renouveler votre inscription \u00e0 l\u2019a\u00e9roclub et votre licence FFA pour 2026.<\/p>\n\n\n\n<p>Une fiche d\u2019inscription \u00e0 t\u00e9l\u00e9charger est disponible ci-dessous avec les tarifs actualis\u00e9s (Licence FFA&nbsp;: 96\u20ac sans Info Pilote et 145\u20ac avec Info Pilote) Merci de cocher, de noter les montants dans les cases pr\u00e9vues \u00e0 cet effet, et de&nbsp;<strong>renvoyer la fiche compl\u00e9t\u00e9e.<\/strong>&nbsp;Le pr\u00e9l\u00e8vement sur le compte pilote -suffisamment approvisionn\u00e9-&nbsp; est le plus pratique pour la comptabilit\u00e9&nbsp;!<\/p>\n\n\n\n<div data-wp-interactive=\"core\/file\" class=\"wp-block-file\"><object data-wp-bind--hidden=\"!state.hasPdfPreview\" hidden class=\"wp-block-file__embed\" data=\"https:\/\/www.aeroclubduplandedieu.fr\/wordpress\/wp-content\/uploads\/2025\/10\/Prevention-Securite-CDA-84-2025-1.pdf\" type=\"application\/pdf\" style=\"width:100%;height:600px\" aria-label=\"Contenu embarqu\u00e9 Pr\u00e9vention S\u00e9curit\u00e9 CDA 84 2025.\"><\/object><a id=\"wp-block-file--media-c85a6b32-111f-4a20-a822-ccd9795d5c09\" href=\"https:\/\/www.aeroclubduplandedieu.fr\/wordpress\/wp-content\/uploads\/2025\/10\/Prevention-Securite-CDA-84-2025-1.pdf\">Pr\u00e9vention S\u00e9curit\u00e9 CDA 84 2025<\/a><a href=\"https:\/\/www.aeroclubduplandedieu.fr\/wordpress\/wp-content\/uploads\/2025\/10\/Prevention-Securite-CDA-84-2025-1.pdf\" class=\"wp-block-file__button wp-element-button\" download aria-describedby=\"wp-block-file--media-c85a6b32-111f-4a20-a822-ccd9795d5c09\">T\u00e9l\u00e9charger<\/a><\/div>\n\n\n\n<figure class=\"wp-block-table\"><table class=\"has-fixed-layout\"><tbody><tr><td><img decoding=\"async\" width=\"158\" src=\"blob:https:\/\/www.aeroclubduplandedieu.fr\/222958b9-d4fb-480a-9c1e-37bab164e3f6\" alt=\"FFA_hd_6\"> <img decoding=\"async\" width=\"150\" src=\"blob:https:\/\/www.aeroclubduplandedieu.fr\/0ca940b2-cde2-4c24-8b0e-a44da11bf63c\" alt=\"occitanie\"> &nbsp; <strong>FICHE PRATIQUE FFA<\/strong> <br><strong>D\u00e9marches administratives Portail Personnel Navigant (PN) FFA<\/strong> &nbsp; <br><strong>La mise en \u0153uvre de l\u2019Entit\u00e9 Qualifi\u00e9e FFA pour les examens th\u00e9oriques avion non professionnels repose sur certaines r\u00e8gles bien pr\u00e9cises et, en particulier, le principe de d\u00e9mat\u00e9rialisation des certificats de r\u00e9ussite.<\/strong> &nbsp; <br>En m\u00eame temps la DSAC a mis en place le Portail PN. &nbsp; <br>Beaucoup d\u2019interrogations sont apparues quand la FFA a mis en place pour ses clubs avec la DSAC un portail PN sp\u00e9cifique dans <a href=\"https:\/\/trailer.web-view.net\/Links\/0X67EC43F257B950D34382392C1121DD9D1ACC4E9F6CC5F02A10BDDA6BEEF6FE48B1D051CBC64414F1EB8BFA6667B9706D13CCFA3256904DE38915FB974AFDD9C73BFE662597410270.htm\">SMILE F<\/a>ormation&nbsp;(Rendu gratuit pour cette fonctionnalit\u00e9) d\u00e9nomm\u00e9 <strong>PORTAIL PN FFA<\/strong>. &nbsp; <br><strong>Il revient aux clubs FFA, lors d&rsquo;une demande de test pratique et par la suite de la demande de d\u00e9livrance de la licence, d\u2019utiliser le PORTAIL PN FFA.<\/strong> &nbsp; <br>La fiche pratique ci-dessous revient sur ces d\u00e9marches et vous \u00e9claire sur le caract\u00e8re administratif \u00e0 respecter pour l\u2019\u00e9tablissement de vos dossiers et vos demandes de tests en vol via le <strong>PORTAIL PN FFA<\/strong>, seule voie de demande utilisable pour vos clubs. &nbsp;<br> <strong><a href=\"https:\/\/trailer.web-view.net\/Links\/0X86F3E425D20337F7EA51DEC106228135085C323ABB858C7B9D987BE538B077B959DBDEE091B99046EB8BFA6667B9706D13CCFA3256904DE38915FB974AFDD9C73BFE662597410270.htm\">Consulter la fiche pratique<\/a><\/strong> &nbsp; &nbsp; &nbsp;<\/td><\/tr><\/tbody><\/table><\/figure>\n\n\n\n<figure class=\"wp-block-gallery has-nested-images columns-default is-cropped wp-block-gallery-1 is-layout-flex wp-block-gallery-is-layout-flex\">\n<figure class=\"wp-block-image size-large\"><img loading=\"lazy\" decoding=\"async\" width=\"1024\" height=\"805\" data-id=\"4688\" src=\"https:\/\/www.aeroclubduplandedieu.fr\/wordpress\/wp-content\/uploads\/2025\/07\/1000035123-1024x805.jpg\" alt=\"\" class=\"wp-image-4688\" srcset=\"https:\/\/www.aeroclubduplandedieu.fr\/wordpress\/wp-content\/uploads\/2025\/07\/1000035123-1024x805.jpg 1024w, https:\/\/www.aeroclubduplandedieu.fr\/wordpress\/wp-content\/uploads\/2025\/07\/1000035123-300x236.jpg 300w, https:\/\/www.aeroclubduplandedieu.fr\/wordpress\/wp-content\/uploads\/2025\/07\/1000035123-768x604.jpg 768w, https:\/\/www.aeroclubduplandedieu.fr\/wordpress\/wp-content\/uploads\/2025\/07\/1000035123.jpg 1195w\" sizes=\"auto, (max-width: 1024px) 100vw, 1024px\" \/><\/figure>\n\n\n\n<figure class=\"wp-block-image size-large\"><img loading=\"lazy\" decoding=\"async\" width=\"1024\" height=\"837\" data-id=\"4687\" src=\"https:\/\/www.aeroclubduplandedieu.fr\/wordpress\/wp-content\/uploads\/2025\/07\/1000035113-1024x837.jpg\" alt=\"\" class=\"wp-image-4687\" srcset=\"https:\/\/www.aeroclubduplandedieu.fr\/wordpress\/wp-content\/uploads\/2025\/07\/1000035113-1024x837.jpg 1024w, https:\/\/www.aeroclubduplandedieu.fr\/wordpress\/wp-content\/uploads\/2025\/07\/1000035113-300x245.jpg 300w, https:\/\/www.aeroclubduplandedieu.fr\/wordpress\/wp-content\/uploads\/2025\/07\/1000035113-768x628.jpg 768w, https:\/\/www.aeroclubduplandedieu.fr\/wordpress\/wp-content\/uploads\/2025\/07\/1000035113.jpg 1128w\" sizes=\"auto, (max-width: 1024px) 100vw, 1024px\" \/><\/figure>\n<\/figure>\n\n\n\n<p>CORSE Voir en bas de la page \u00ab\u00a0Pr\u00e9paration des vols\u00a0\u00bb les 2 documents pour pr\u00e9parer la travers\u00e9e vers la CORSE<\/p>\n\n\n\n<p><strong> <a href=\"https:\/\/share.google\/xNcLzlv48rV2QVeq9\" data-type=\"link\" data-id=\"https:\/\/share.google\/xNcLzlv48rV2QVeq9\" target=\"_blank\" rel=\"noreferrer noopener\">CIRCUITS D&rsquo;AERODROME<\/a><\/strong><\/p>\n\n\n\n<a href=\"https:\/\/metar-taf.com\/fr\/LFMO\" id=\"metartaf-O9U1vx72\" style=\"font-size:18px; font-weight:500; color:#000; width:300px; height:435px; display:block\">METAR Orange-Caritat (BA 115) Air Base<\/a>\n<script async defer crossorigin=\"anonymous\" src=\"https:\/\/metar-taf.com\/fr\/embed-js\/LFMO?qnh=hPa&#038;rh=rh&#038;target=O9U1vx72\"><\/script>\n","protected":false},"excerpt":{"rendered":"<p>Cette page rassemble les informations r\u00e9centes. A consulter \u00e0 chaque nouvelle connexion. *********************************************************************************************** Objet :Internet : www.sia.aviation-civile.gouv.frCr\u00e9ation d&rsquo;une zone interdite temporaire (ZIT) ORANGE (84)SUP AIP 013\/26Date de publication : 29 [&hellip;]<\/p>\n","protected":false},"author":1,"featured_media":0,"parent":0,"menu_order":0,"comment_status":"closed","ping_status":"closed","template":"page-fullwidth.php","meta":{"footnotes":""},"class_list":["post-5396","page","type-page","status-publish","hentry"],"_links":{"self":[{"href":"https:\/\/www.aeroclubduplandedieu.fr\/2021\/wp-json\/wp\/v2\/pages\/5396","targetHints":{"allow":["GET"]}}],"collection":[{"href":"https:\/\/www.aeroclubduplandedieu.fr\/2021\/wp-json\/wp\/v2\/pages"}],"about":[{"href":"https:\/\/www.aeroclubduplandedieu.fr\/2021\/wp-json\/wp\/v2\/types\/page"}],"author":[{"embeddable":true,"href":"https:\/\/www.aeroclubduplandedieu.fr\/2021\/wp-json\/wp\/v2\/users\/1"}],"replies":[{"embeddable":true,"href":"https:\/\/www.aeroclubduplandedieu.fr\/2021\/wp-json\/wp\/v2\/comments?post=5396"}],"version-history":[{"count":12,"href":"https:\/\/www.aeroclubduplandedieu.fr\/2021\/wp-json\/wp\/v2\/pages\/5396\/revisions"}],"predecessor-version":[{"id":5630,"href":"https:\/\/www.aeroclubduplandedieu.fr\/2021\/wp-json\/wp\/v2\/pages\/5396\/revisions\/5630"}],"wp:attachment":[{"href":"https:\/\/www.aeroclubduplandedieu.fr\/2021\/wp-json\/wp\/v2\/media?parent=5396"}],"curies":[{"name":"wp","href":"https:\/\/api.w.org\/{rel}","templated":true}]}}