{"id":667,"date":"2021-09-29T14:00:18","date_gmt":"2021-09-29T12:00:18","guid":{"rendered":"https:\/\/www.aeroclubduplandedieu.fr\/wordpress\/?page_id=667"},"modified":"2025-12-10T16:34:14","modified_gmt":"2025-12-10T15:34:14","slug":"f-gfxd","status":"publish","type":"page","link":"https:\/\/www.aeroclubduplandedieu.fr\/2021\/f-gfxd\/","title":{"rendered":"F-GFXD"},"content":{"rendered":"\n<figure class=\"wp-block-gallery has-nested-images columns-default is-cropped wp-block-gallery-1 is-layout-flex wp-block-gallery-is-layout-flex\">\n<figure class=\"wp-block-image size-large\"><img loading=\"lazy\" decoding=\"async\" width=\"1024\" height=\"462\" data-id=\"1645\" src=\"https:\/\/www.aeroclubduplandedieu.fr\/wordpress\/wp-content\/uploads\/2021\/12\/XD-au-sol-1024x462.jpg\" alt=\"\" class=\"wp-image-1645\" srcset=\"https:\/\/www.aeroclubduplandedieu.fr\/wordpress\/wp-content\/uploads\/2021\/12\/XD-au-sol-1024x462.jpg 1024w, https:\/\/www.aeroclubduplandedieu.fr\/wordpress\/wp-content\/uploads\/2021\/12\/XD-au-sol-300x135.jpg 300w, https:\/\/www.aeroclubduplandedieu.fr\/wordpress\/wp-content\/uploads\/2021\/12\/XD-au-sol-768x346.jpg 768w, https:\/\/www.aeroclubduplandedieu.fr\/wordpress\/wp-content\/uploads\/2021\/12\/XD-au-sol-1536x692.jpg 1536w, https:\/\/www.aeroclubduplandedieu.fr\/wordpress\/wp-content\/uploads\/2021\/12\/XD-au-sol-2048x923.jpg 2048w\" sizes=\"auto, (max-width: 1024px) 100vw, 1024px\" \/><figcaption class=\"wp-element-caption\">Au sol<\/figcaption><\/figure>\n\n\n\n<figure class=\"wp-block-image size-large\"><img loading=\"lazy\" decoding=\"async\" width=\"1024\" height=\"684\" data-id=\"668\" src=\"https:\/\/www.aeroclubduplandedieu.fr\/wordpress\/wp-content\/uploads\/2021\/09\/2021_A115_091_D_001_014-1024x684.jpg\" alt=\"\" class=\"wp-image-668\" srcset=\"https:\/\/www.aeroclubduplandedieu.fr\/wordpress\/wp-content\/uploads\/2021\/09\/2021_A115_091_D_001_014-1024x684.jpg 1024w, https:\/\/www.aeroclubduplandedieu.fr\/wordpress\/wp-content\/uploads\/2021\/09\/2021_A115_091_D_001_014-300x200.jpg 300w, https:\/\/www.aeroclubduplandedieu.fr\/wordpress\/wp-content\/uploads\/2021\/09\/2021_A115_091_D_001_014-768x513.jpg 768w, https:\/\/www.aeroclubduplandedieu.fr\/wordpress\/wp-content\/uploads\/2021\/09\/2021_A115_091_D_001_014-1536x1025.jpg 1536w, https:\/\/www.aeroclubduplandedieu.fr\/wordpress\/wp-content\/uploads\/2021\/09\/2021_A115_091_D_001_014-2048x1367.jpg 2048w\" sizes=\"auto, (max-width: 1024px) 100vw, 1024px\" \/><figcaption class=\"wp-element-caption\">A bord<\/figcaption><\/figure>\n\n\n\n<figure class=\"wp-block-image size-large\"><img loading=\"lazy\" decoding=\"async\" width=\"1024\" height=\"707\" data-id=\"289\" src=\"https:\/\/www.aeroclubduplandedieu.fr\/wordpress\/wp-content\/uploads\/2021\/05\/QHBA9581-1.jpg\" alt=\"\" class=\"wp-image-289\" srcset=\"https:\/\/www.aeroclubduplandedieu.fr\/wordpress\/wp-content\/uploads\/2021\/05\/QHBA9581-1.jpg 1024w, https:\/\/www.aeroclubduplandedieu.fr\/wordpress\/wp-content\/uploads\/2021\/05\/QHBA9581-1-600x414.jpg 600w, https:\/\/www.aeroclubduplandedieu.fr\/wordpress\/wp-content\/uploads\/2021\/05\/QHBA9581-1-300x207.jpg 300w, https:\/\/www.aeroclubduplandedieu.fr\/wordpress\/wp-content\/uploads\/2021\/05\/QHBA9581-1-768x530.jpg 768w\" sizes=\"auto, (max-width: 1024px) 100vw, 1024px\" \/><figcaption class=\"wp-element-caption\">En vol<\/figcaption><\/figure>\n<\/figure>\n\n\n\n<figure class=\"wp-block-table is-style-stripes has-medium-font-size\"><table class=\"has-fixed-layout\"><tbody><tr><td> F-GFXD <\/td><td>DR400 120CV<br>(Avion d\u2019\u00e9cole de d\u00e9but)<\/td><\/tr><tr><td>Moteur : 120 cv<br><\/td><td> Nombre de places : 2 + 2&nbsp;<br><\/td><\/tr><tr><td>VFR de nuit<br><\/td><td>Autonomie : 4 heures<br><\/td><\/tr><tr><td>Equip\u00e9 d\u2019un VOR et d\u2019un ADF<\/td><td>Vitesse de croisi\u00e8re : 180  km\/h<br><\/td><\/tr><tr><td><\/td><td>Distance franchissable : 720&nbsp;km<\/td><\/tr><\/tbody><\/table><\/figure>\n\n\n\n<figure class=\"wp-block-image size-large\"><img loading=\"lazy\" decoding=\"async\" width=\"1024\" height=\"462\" src=\"https:\/\/www.aeroclubduplandedieu.fr\/wordpress\/wp-content\/uploads\/2021\/12\/XD-au-sol-1024x462.jpg\" alt=\"\" class=\"wp-image-1645\" srcset=\"https:\/\/www.aeroclubduplandedieu.fr\/wordpress\/wp-content\/uploads\/2021\/12\/XD-au-sol-1024x462.jpg 1024w, https:\/\/www.aeroclubduplandedieu.fr\/wordpress\/wp-content\/uploads\/2021\/12\/XD-au-sol-300x135.jpg 300w, https:\/\/www.aeroclubduplandedieu.fr\/wordpress\/wp-content\/uploads\/2021\/12\/XD-au-sol-768x346.jpg 768w, https:\/\/www.aeroclubduplandedieu.fr\/wordpress\/wp-content\/uploads\/2021\/12\/XD-au-sol-1536x692.jpg 1536w, https:\/\/www.aeroclubduplandedieu.fr\/wordpress\/wp-content\/uploads\/2021\/12\/XD-au-sol-2048x923.jpg 2048w\" sizes=\"auto, (max-width: 1024px) 100vw, 1024px\" \/><figcaption class=\"wp-element-caption\">XD<\/figcaption><\/figure>\n\n\n\n<ul class=\"wp-block-list\">\n<li><a rel=\"noreferrer noopener\" href=\"https:\/\/www.aeroclubduplandedieu.fr\/2021\/f-glda\/\" data-type=\"URL\" data-id=\"https:\/\/www.aeroclubduplandedieu.fr\/2021\/f-glda\/\" target=\"_blank\">F-GLDA<\/a><\/li>\n\n\n\n<li><a href=\"https:\/\/www.aeroclubduplandedieu.fr\/2021\/f-hsax\/\" data-type=\"link\" data-id=\"https:\/\/www.aeroclubduplandedieu.fr\/2021\/f-hsax\/\" target=\"_blank\" rel=\"noreferrer noopener\">F-HSAX<\/a><\/li>\n\n\n\n<li><a href=\"https:\/\/www.aeroclubduplandedieu.fr\/2021\/f-hunn\/\" data-type=\"URL\" data-id=\"https:\/\/www.aeroclubduplandedieu.fr\/2021\/f-hunn\/\" target=\"_blank\" rel=\"noreferrer noopener\">F-HUNN<\/a><\/li>\n<\/ul>\n\n\n\n<p><\/p>\n","protected":false},"excerpt":{"rendered":"<p>F-GFXD DR400 120CV(Avion d\u2019\u00e9cole de d\u00e9but) Moteur : 120 cv Nombre de places : 2 + 2&nbsp; VFR de nuit Autonomie : 4 heures Equip\u00e9 d\u2019un VOR et d\u2019un ADF [&hellip;]<\/p>\n","protected":false},"author":1,"featured_media":668,"parent":0,"menu_order":0,"comment_status":"closed","ping_status":"closed","template":"page-fullwidth.php","meta":{"footnotes":""},"class_list":["post-667","page","type-page","status-publish","has-post-thumbnail","hentry"],"_links":{"self":[{"href":"https:\/\/www.aeroclubduplandedieu.fr\/2021\/wp-json\/wp\/v2\/pages\/667","targetHints":{"allow":["GET"]}}],"collection":[{"href":"https:\/\/www.aeroclubduplandedieu.fr\/2021\/wp-json\/wp\/v2\/pages"}],"about":[{"href":"https:\/\/www.aeroclubduplandedieu.fr\/2021\/wp-json\/wp\/v2\/types\/page"}],"author":[{"embeddable":true,"href":"https:\/\/www.aeroclubduplandedieu.fr\/2021\/wp-json\/wp\/v2\/users\/1"}],"replies":[{"embeddable":true,"href":"https:\/\/www.aeroclubduplandedieu.fr\/2021\/wp-json\/wp\/v2\/comments?post=667"}],"version-history":[{"count":15,"href":"https:\/\/www.aeroclubduplandedieu.fr\/2021\/wp-json\/wp\/v2\/pages\/667\/revisions"}],"predecessor-version":[{"id":5519,"href":"https:\/\/www.aeroclubduplandedieu.fr\/2021\/wp-json\/wp\/v2\/pages\/667\/revisions\/5519"}],"wp:featuredmedia":[{"embeddable":true,"href":"https:\/\/www.aeroclubduplandedieu.fr\/2021\/wp-json\/wp\/v2\/media\/668"}],"wp:attachment":[{"href":"https:\/\/www.aeroclubduplandedieu.fr\/2021\/wp-json\/wp\/v2\/media?parent=667"}],"curies":[{"name":"wp","href":"https:\/\/api.w.org\/{rel}","templated":true}]}}