{"id":787,"date":"2021-10-26T16:57:57","date_gmt":"2021-10-26T14:57:57","guid":{"rendered":"https:\/\/www.aeroclubduplandedieu.fr\/wordpress\/?page_id=787"},"modified":"2025-02-26T18:58:17","modified_gmt":"2025-02-26T17:58:17","slug":"devenir-pilote","status":"publish","type":"page","link":"https:\/\/www.aeroclubduplandedieu.fr\/2021\/devenir-pilote\/","title":{"rendered":"Devenir pilote"},"content":{"rendered":"\n<p class=\"has-text-align-center\" style=\"font-size:30px\">Devenir pilote ! Concr\u00e9tisez votre r\u00eave.<\/p>\n\n\n\n<div class=\"wp-block-media-text alignwide is-stacked-on-mobile\"><figure class=\"wp-block-media-text__media\"><img loading=\"lazy\" decoding=\"async\" width=\"1024\" height=\"640\" src=\"https:\/\/www.aeroclubduplandedieu.fr\/wordpress\/wp-content\/uploads\/2021\/12\/2021_A115_091_K_001_120-1024x640.jpg\" alt=\"\" class=\"wp-image-1709 size-full\" srcset=\"https:\/\/www.aeroclubduplandedieu.fr\/wordpress\/wp-content\/uploads\/2021\/12\/2021_A115_091_K_001_120-1024x640.jpg 1024w, https:\/\/www.aeroclubduplandedieu.fr\/wordpress\/wp-content\/uploads\/2021\/12\/2021_A115_091_K_001_120-300x188.jpg 300w, https:\/\/www.aeroclubduplandedieu.fr\/wordpress\/wp-content\/uploads\/2021\/12\/2021_A115_091_K_001_120-768x480.jpg 768w, https:\/\/www.aeroclubduplandedieu.fr\/wordpress\/wp-content\/uploads\/2021\/12\/2021_A115_091_K_001_120-1536x960.jpg 1536w, https:\/\/www.aeroclubduplandedieu.fr\/wordpress\/wp-content\/uploads\/2021\/12\/2021_A115_091_K_001_120-2048x1280.jpg 2048w, https:\/\/www.aeroclubduplandedieu.fr\/wordpress\/wp-content\/uploads\/2021\/12\/2021_A115_091_K_001_120-400x250.jpg 400w\" sizes=\"auto, (max-width: 1024px) 100vw, 1024px\" \/><\/figure><div class=\"wp-block-media-text__content\">\n<p class=\"has-medium-font-size\">Notre a\u00e9roclub vous accompagnera dans toutes les \u00e9tapes de votre progression.<\/p>\n\n\n\n<p class=\"has-medium-font-size\">Vous pourrez successivement acc\u00e9der aux diverses qualifications qui, bient\u00f4t, vous permettront de voler dans nos magnifiques paysages.<\/p>\n<\/div><\/div>\n\n\n\n<p class=\"has-medium-font-size\">D&rsquo;abord, facultativemment, vous pourrez passer le  <a href=\"https:\/\/www.aeroclubduplandedieu.fr\/wordpress\/b-i-a\/\" target=\"_blank\" rel=\"noreferrer noopener\"><strong>Brevet d\u2019Initiation A\u00e9ronautique (BIA)<\/strong> <\/a><\/p>\n\n\n\n<p class=\"has-medium-font-size\">La premi\u00e8re \u00e9tape vous permettant de voler en solo est l&rsquo;<strong><a href=\"https:\/\/www.aeroclubduplandedieu.fr\/wordpress\/a-b-l\/\" target=\"_blank\" rel=\"noreferrer noopener\">ABL (Autorisation de Base LAPL)<\/a><\/strong><\/p>\n\n\n\n<p class=\"has-medium-font-size\">Puis vous pourrez emporter des passagers apr\u00e8s l&rsquo;obtention du  <a rel=\"noreferrer noopener\" href=\"https:\/\/www.aeroclubduplandedieu.fr\/wordpress\/l-a-p-l\/\" target=\"_blank\"><strong>LAPL : Light Aircraft Pilot License&nbsp;(Licence de pilote d\u2019avion l\u00e9ger)<\/strong> <\/a><\/p>\n\n\n\n<p class=\"has-medium-font-size\">Enfin le <a href=\"https:\/\/www.aeroclubduplandedieu.fr\/2021\/p-p-l\/\" data-type=\"URL\" data-id=\"https:\/\/www.aeroclubduplandedieu.fr\/2021\/p-p-l\/\" target=\"_blank\" rel=\"noreferrer noopener\"><strong>P.P.L<\/strong>. <strong>Private Pilot License (Licence de pilote priv\u00e9<\/strong>)<\/a> vous permettra d&rsquo;aller au bout du monde.<\/p>\n\n\n\n<p class=\"has-medium-font-size\">Une <a rel=\"noreferrer noopener\" href=\"https:\/\/www.aeroclubduplandedieu.fr\/wordpress\/formation-theorique\/\" data-type=\"URL\" data-id=\"https:\/\/www.aeroclubduplandedieu.fr\/wordpress\/formation-theorique\/\" target=\"_blank\"><strong>formation th\u00e9orique<\/strong><\/a> en ligne vous permettra d&rsquo;acc\u00e9lerer votre acc\u00e8s aux diverse \u00e9tapes de votre formation. <\/p>\n\n\n\n<p class=\"has-medium-font-size\">Pour chacune des \u00e9tapes, les jeunes \u00e9l\u00e8ves pilotes peuvent b\u00e9n\u00e9ficier <a rel=\"noreferrer noopener\" href=\"https:\/\/www.aeroclubduplandedieu.fr\/2021\/presentation-des-aides\/\" data-type=\"URL\" data-id=\"https:\/\/www.aeroclubduplandedieu.fr\/2021\/presentation-des-aides\/\" target=\"_blank\"><strong>d&rsquo;aides financi\u00e8res<\/strong> <\/a>sous forme de bourse.<\/p>\n\n\n\n<p class=\"has-medium-font-size\"><strong>VOUS ETES ENCORE HESITANT&nbsp;?<\/strong> <\/p>\n\n\n\n<p class=\"has-medium-font-size\"><strong>&nbsp;NOUS VOUS PROPOSONS LES FORMULES \u00ab&nbsp;<a href=\"https:\/\/www.aeroclubduplandedieu.fr\/wordpress\/vol-dinitiation-au-pilotage\/\" data-type=\"URL\" data-id=\"https:\/\/www.aeroclubduplandedieu.fr\/wordpress\/vol-dinitiation-au-pilotage\/\" target=\"_blank\" rel=\"noreferrer noopener\">INITIATION AU PILOTAGE&nbsp;<\/a>\u00bb<\/strong> <\/p>\n\n\n\n<p class=\"has-medium-font-size\"><strong>&nbsp;Retrouvez-nous dans la rubrique \u00ab&nbsp;<a rel=\"noreferrer noopener\" href=\"https:\/\/www.aeroclubduplandedieu.fr\/wordpress\/decouvrir\/\" data-type=\"URL\" data-id=\"https:\/\/www.aeroclubduplandedieu.fr\/wordpress\/decouvrir\/\" target=\"_blank\">D\u00e9couvrir<\/a> \u00bb<\/strong><\/p>\n","protected":false},"excerpt":{"rendered":"<p>Devenir pilote ! Concr\u00e9tisez votre r\u00eave. Notre a\u00e9roclub vous accompagnera dans toutes les \u00e9tapes de votre progression. Vous pourrez successivement acc\u00e9der aux diverses qualifications qui, bient\u00f4t, vous permettront de voler [&hellip;]<\/p>\n","protected":false},"author":1,"featured_media":1739,"parent":0,"menu_order":0,"comment_status":"closed","ping_status":"closed","template":"page-fullwidth.php","meta":{"footnotes":""},"class_list":["post-787","page","type-page","status-publish","has-post-thumbnail","hentry"],"_links":{"self":[{"href":"https:\/\/www.aeroclubduplandedieu.fr\/2021\/wp-json\/wp\/v2\/pages\/787","targetHints":{"allow":["GET"]}}],"collection":[{"href":"https:\/\/www.aeroclubduplandedieu.fr\/2021\/wp-json\/wp\/v2\/pages"}],"about":[{"href":"https:\/\/www.aeroclubduplandedieu.fr\/2021\/wp-json\/wp\/v2\/types\/page"}],"author":[{"embeddable":true,"href":"https:\/\/www.aeroclubduplandedieu.fr\/2021\/wp-json\/wp\/v2\/users\/1"}],"replies":[{"embeddable":true,"href":"https:\/\/www.aeroclubduplandedieu.fr\/2021\/wp-json\/wp\/v2\/comments?post=787"}],"version-history":[{"count":32,"href":"https:\/\/www.aeroclubduplandedieu.fr\/2021\/wp-json\/wp\/v2\/pages\/787\/revisions"}],"predecessor-version":[{"id":4250,"href":"https:\/\/www.aeroclubduplandedieu.fr\/2021\/wp-json\/wp\/v2\/pages\/787\/revisions\/4250"}],"wp:featuredmedia":[{"embeddable":true,"href":"https:\/\/www.aeroclubduplandedieu.fr\/2021\/wp-json\/wp\/v2\/media\/1739"}],"wp:attachment":[{"href":"https:\/\/www.aeroclubduplandedieu.fr\/2021\/wp-json\/wp\/v2\/media?parent=787"}],"curies":[{"name":"wp","href":"https:\/\/api.w.org\/{rel}","templated":true}]}}