{"id":797,"date":"2021-10-26T17:15:21","date_gmt":"2021-10-26T15:15:21","guid":{"rendered":"https:\/\/www.aeroclubduplandedieu.fr\/wordpress\/?page_id=797"},"modified":"2024-08-28T11:53:32","modified_gmt":"2024-08-28T09:53:32","slug":"vol-dinitiation-au-pilotage","status":"publish","type":"page","link":"https:\/\/www.aeroclubduplandedieu.fr\/2021\/vol-dinitiation-au-pilotage\/","title":{"rendered":"Vols d&rsquo;initiation au pilotage"},"content":{"rendered":"\n<p class=\"has-medium-font-size\">Deux choix s&rsquo;offrent \u00e0 vous :<\/p>\n\n\n\n<p class=\"has-medium-font-size\">Vous avez toujours r\u00eav\u00e9 de piloter, mais vous n&rsquo;avez jamais os\u00e9 franchir la porte d&rsquo;un a\u00e9roclub ?<br>Gr\u00e2ce au\u00a0<strong>Passeport Initiation au pilotage<\/strong>\u00a0de la F\u00e9d\u00e9ration Fran\u00e7aise A\u00e9ronautique, osez prendre de la hauteur ! <br><\/p>\n\n\n\n<div class=\"wp-block-media-text alignwide is-stacked-on-mobile\"><figure class=\"wp-block-media-text__media\"><img loading=\"lazy\" decoding=\"async\" width=\"1024\" height=\"683\" src=\"https:\/\/www.aeroclubduplandedieu.fr\/wordpress\/wp-content\/uploads\/2021\/11\/2021_A115_091_D_001_044-1024x683.jpg\" alt=\"\" class=\"wp-image-1158 size-full\" srcset=\"https:\/\/www.aeroclubduplandedieu.fr\/wordpress\/wp-content\/uploads\/2021\/11\/2021_A115_091_D_001_044-1024x683.jpg 1024w, https:\/\/www.aeroclubduplandedieu.fr\/wordpress\/wp-content\/uploads\/2021\/11\/2021_A115_091_D_001_044-300x200.jpg 300w, https:\/\/www.aeroclubduplandedieu.fr\/wordpress\/wp-content\/uploads\/2021\/11\/2021_A115_091_D_001_044-768x512.jpg 768w, https:\/\/www.aeroclubduplandedieu.fr\/wordpress\/wp-content\/uploads\/2021\/11\/2021_A115_091_D_001_044.jpg 1250w\" sizes=\"auto, (max-width: 1024px) 100vw, 1024px\" \/><\/figure><div class=\"wp-block-media-text__content\">\n<p class=\"has-medium-font-size\">Au sein de l\u2019a\u00e9roclub de Plan de Dieu, vous pourrez prendre les commandes d&rsquo;un avion de tourisme biplace avec un de nos instructeurs. Briefing th\u00e9orique, visite pr\u00e9vol, d\u00e9collage, contr\u00f4le de la trajectoire, &#8230; vous serez plong\u00e9 dans l&rsquo;univers d&rsquo;un \u00e9l\u00e8ve pilote !<\/p>\n<\/div><\/div>\n\n\n\n<p>N&rsquo;h\u00e9sitez plus un seul instant et rejoignez la grande famille des pilotes d&rsquo;avion.<\/p>\n\n\n\n<p class=\"has-large-font-size\"><a href=\"https:\/\/enviedepiloter.fr\/commander-un-passeport\/?code_fna=10028\" data-type=\"URL\" data-id=\"https:\/\/enviedepiloter.fr\/commander-un-passeport\/?code_fna=10028\" target=\"_blank\" rel=\"noreferrer noopener\">Acheter le passeport.<\/a><\/p>\n\n\n\n<figure class=\"wp-block-table is-style-stripes has-medium-font-size\"><table class=\"has-fixed-layout\"><thead><tr><th> LE PASSEPORT \u00ab\u00a0PR\u00caT AU DECOLLAGE\u00a0\u00bb : 273 \u20ac  <\/th><th> \u00a0LE PASSEPORT \u00ab\u00a0MONTEE INITIALE\u00a0\u00bb\u00a0: 529 \u20ac  <\/th><\/tr><\/thead><tbody><tr><td>Une initiation au pilotage d&rsquo;1h30 maximum avec instructeur<\/td><td>Une initiation au pilotage de 3h00 maximum avec instructeur<\/td><\/tr><tr><td>1 manuel de formation initiale <\/td><td>1 manuel de formation initiale<\/td><\/tr><tr><td>1 licence f\u00e9d\u00e9rale \u00ab\u00a0initiation au pilotage\u00a0\u00bb<\/td><td>1 licence f\u00e9d\u00e9rale \u00ab\u00a0initiation au pilotage\u00a0\u00bb<\/td><\/tr><tr><td>2 num\u00e9ros d&rsquo;info-pilote, le magazine d&rsquo;information de la F\u00e9d\u00e9ration Fran\u00e7aise A\u00e9ronautique<\/td><td>2 num\u00e9ros d&rsquo;info-pilote, le magazine d&rsquo;information de la F\u00e9d\u00e9ration Fran\u00e7aise A\u00e9ronautique<\/td><\/tr><tr><td>Des outils num\u00e9riques associ\u00e9s<\/td><td>Des outils num\u00e9riques associ\u00e9s<\/td><\/tr><\/tbody><\/table><figcaption class=\"wp-element-caption\">A vous de choisir.<\/figcaption><\/figure>\n\n\n\n<p>Pour en savoir plus, rendez-vous ici :&nbsp;<a rel=\"noreferrer noopener\" href=\"https:\/\/enviedepiloter.fr\/souscrire-un-passeport\/\" target=\"_blank\">https:\/\/enviedepiloter.fr\/souscrire-un-passeport\/<\/a>&nbsp;puis recherchez ORANGE ou 84100.<\/p>\n","protected":false},"excerpt":{"rendered":"<p>Deux choix s&rsquo;offrent \u00e0 vous : Vous avez toujours r\u00eav\u00e9 de piloter, mais vous n&rsquo;avez jamais os\u00e9 franchir la porte d&rsquo;un a\u00e9roclub ?Gr\u00e2ce au\u00a0Passeport Initiation au pilotage\u00a0de la F\u00e9d\u00e9ration Fran\u00e7aise [&hellip;]<\/p>\n","protected":false},"author":1,"featured_media":668,"parent":0,"menu_order":0,"comment_status":"closed","ping_status":"closed","template":"page-fullwidth.php","meta":{"footnotes":""},"class_list":["post-797","page","type-page","status-publish","has-post-thumbnail","hentry"],"_links":{"self":[{"href":"https:\/\/www.aeroclubduplandedieu.fr\/2021\/wp-json\/wp\/v2\/pages\/797","targetHints":{"allow":["GET"]}}],"collection":[{"href":"https:\/\/www.aeroclubduplandedieu.fr\/2021\/wp-json\/wp\/v2\/pages"}],"about":[{"href":"https:\/\/www.aeroclubduplandedieu.fr\/2021\/wp-json\/wp\/v2\/types\/page"}],"author":[{"embeddable":true,"href":"https:\/\/www.aeroclubduplandedieu.fr\/2021\/wp-json\/wp\/v2\/users\/1"}],"replies":[{"embeddable":true,"href":"https:\/\/www.aeroclubduplandedieu.fr\/2021\/wp-json\/wp\/v2\/comments?post=797"}],"version-history":[{"count":28,"href":"https:\/\/www.aeroclubduplandedieu.fr\/2021\/wp-json\/wp\/v2\/pages\/797\/revisions"}],"predecessor-version":[{"id":3823,"href":"https:\/\/www.aeroclubduplandedieu.fr\/2021\/wp-json\/wp\/v2\/pages\/797\/revisions\/3823"}],"wp:featuredmedia":[{"embeddable":true,"href":"https:\/\/www.aeroclubduplandedieu.fr\/2021\/wp-json\/wp\/v2\/media\/668"}],"wp:attachment":[{"href":"https:\/\/www.aeroclubduplandedieu.fr\/2021\/wp-json\/wp\/v2\/media?parent=797"}],"curies":[{"name":"wp","href":"https:\/\/api.w.org\/{rel}","templated":true}]}}