{"id":808,"date":"2021-10-27T10:46:41","date_gmt":"2021-10-27T08:46:41","guid":{"rendered":"https:\/\/www.aeroclubduplandedieu.fr\/wordpress\/?page_id=808"},"modified":"2025-05-03T17:02:48","modified_gmt":"2025-05-03T15:02:48","slug":"b-i-a","status":"publish","type":"page","link":"https:\/\/www.aeroclubduplandedieu.fr\/2021\/b-i-a\/","title":{"rendered":"B.I.A."},"content":{"rendered":"\n<p class=\"has-medium-font-size\"><strong>Le Brevet d\u2019Initiation A\u00e9ronautique (BIA) :<\/strong><\/p>\n\n\n\n<div class=\"wp-block-media-text alignwide is-stacked-on-mobile\" style=\"grid-template-columns:19% auto\"><figure class=\"wp-block-media-text__media\"><img loading=\"lazy\" decoding=\"async\" width=\"412\" height=\"601\" src=\"https:\/\/www.aeroclubduplandedieu.fr\/wordpress\/wp-content\/uploads\/2022\/01\/BIA-50ans.png\" alt=\"\" class=\"wp-image-2038 size-full\" srcset=\"https:\/\/www.aeroclubduplandedieu.fr\/wordpress\/wp-content\/uploads\/2022\/01\/BIA-50ans.png 412w, https:\/\/www.aeroclubduplandedieu.fr\/wordpress\/wp-content\/uploads\/2022\/01\/BIA-50ans-206x300.png 206w\" sizes=\"auto, (max-width: 412px) 100vw, 412px\" \/><\/figure><div class=\"wp-block-media-text__content\">\n<p class=\"has-medium-font-size\">Le Brevet d\u2019Initiation A\u00e9ronautique (BIA) est un dipl\u00f4me de l\u2019Education Nationale. Il valide un niveau d\u2019initiation \u00e0 la culture scientifique et technique dans le domaine de l\u2019a\u00e9ronautique et du spatial.<\/p>\n<\/div><\/div>\n\n\n\n<div class=\"wp-block-media-text alignwide has-media-on-the-right is-stacked-on-mobile\" style=\"grid-template-columns:auto 23%\"><div class=\"wp-block-media-text__content\">\n<p class=\"has-medium-font-size\">Le BIA est une bonne voie d\u2019entr\u00e9e pour d\u00e9couvrir toute la richesse de ce monde, o\u00f9 se m\u00ealent la passion, la technique, l\u2019exploit, la rigueur, l\u2019innovation, l\u2019histoire.<\/p>\n<\/div><figure class=\"wp-block-media-text__media\"><img loading=\"lazy\" decoding=\"async\" width=\"407\" height=\"379\" src=\"https:\/\/www.aeroclubduplandedieu.fr\/wordpress\/wp-content\/uploads\/2022\/02\/BIA.jpg\" alt=\"\" class=\"wp-image-2175 size-full\" srcset=\"https:\/\/www.aeroclubduplandedieu.fr\/wordpress\/wp-content\/uploads\/2022\/02\/BIA.jpg 407w, https:\/\/www.aeroclubduplandedieu.fr\/wordpress\/wp-content\/uploads\/2022\/02\/BIA-300x279.jpg 300w\" sizes=\"auto, (max-width: 407px) 100vw, 407px\" \/><\/figure><\/div>\n\n\n\n<p class=\"has-medium-font-size\">S\u2019il n\u2019y a pas d\u2019\u00e2ge pour le pr\u00e9senter, certains savoirs en math\u00e9matiques et physique qui sont du niveau de troisi\u00e8me permettent de mieux appr\u00e9hender le programme.<\/p>\n\n\n\n<div data-wp-interactive=\"core\/file\" class=\"wp-block-file\"><object data-wp-bind--hidden=\"!state.hasPdfPreview\" hidden class=\"wp-block-file__embed\" data=\"https:\/\/www.aeroclubduplandedieu.fr\/wordpress\/wp-content\/uploads\/2025\/05\/guide-actions-jeunes-2024-2025.pdf\" type=\"application\/pdf\" style=\"width:100%;height:600px\" aria-label=\"Contenu embarqu\u00e9 guide actions jeunes 2024-2025.\"><\/object><a id=\"wp-block-file--media-09d2320a-9c61-4ed3-b5a4-bf5781281ab6\" href=\"https:\/\/www.aeroclubduplandedieu.fr\/wordpress\/wp-content\/uploads\/2025\/05\/guide-actions-jeunes-2024-2025.pdf\">guide actions jeunes 2024-2025<\/a><a href=\"https:\/\/www.aeroclubduplandedieu.fr\/wordpress\/wp-content\/uploads\/2025\/05\/guide-actions-jeunes-2024-2025.pdf\" class=\"wp-block-file__button wp-element-button\" download aria-describedby=\"wp-block-file--media-09d2320a-9c61-4ed3-b5a4-bf5781281ab6\">T\u00e9l\u00e9charger<\/a><\/div>\n\n\n\n<p class=\"has-medium-font-size\"><strong>L\u2019examen :<\/strong><\/p>\n\n\n\n<div class=\"wp-block-media-text alignwide is-stacked-on-mobile\" style=\"grid-template-columns:53% auto\"><figure class=\"wp-block-media-text__media\"><img loading=\"lazy\" decoding=\"async\" width=\"594\" height=\"145\" src=\"https:\/\/www.aeroclubduplandedieu.fr\/wordpress\/wp-content\/uploads\/2022\/01\/logo_men.gif\" alt=\"\" class=\"wp-image-2041 size-full\"\/><\/figure><div class=\"wp-block-media-text__content\">\n<p class=\"has-medium-font-size\">L\u2019examen, organis\u00e9 par les acad\u00e9mies, se d\u00e9roule chaque ann\u00e9e vers la mi-mai. Il prend la forme d\u2019un QCM de 100 questions qui portent sur cinq th\u00e8mes (20 points par th\u00e8me) : <\/p>\n<\/div><\/div>\n\n\n\n<ul class=\"wp-block-list has-medium-font-size\">\n<li>M\u00e9t\u00e9orologie et a\u00e9rologie<\/li>\n\n\n\n<li>A\u00e9rodynamique, a\u00e9rostatique et principes du vol<\/li>\n\n\n\n<li>Etude des a\u00e9ronefs et des engins spatiaux<\/li>\n\n\n\n<li>Navigation, r\u00e9glementation, s\u00e9curit\u00e9 des vols <\/li>\n\n\n\n<li>Histoire et culture de l\u2019a\u00e9ronautique et du spatial&nbsp; <\/li>\n\n\n\n<li>Une \u00e9preuve facultative \u00e9crite d\u2019anglais<\/li>\n<\/ul>\n\n\n\n<p class=\"has-medium-font-size\">L\u2019examen est gratuit,&nbsp;il n\u2019y a pas de limite d\u2019\u00e2ge pour le passer.<\/p>\n\n\n\n<p class=\"has-medium-font-size\">Plus de pr\u00e9cisions sur le site du Minist\u00e8re de l\u2019Education Nationale<\/p>\n\n\n\n<p class=\"has-medium-font-size\"><a href=\"http:\/\/eduscol.education.fr\/sti\/bia\" target=\"_blank\" rel=\"noreferrer noopener\">http:\/\/eduscol.education.fr\/sti\/bia<\/a><\/p>\n\n\n\n<p class=\"has-medium-font-size\"><a rel=\"noreferrer noopener\" href=\"http:\/\/eduscol.education.fr\/sti\/sites\/eduscol.education.fr.sti\/files\/textes\/formations-tout-niveau-brevet-dinitiation-aeronautique-bia\/6860-programme-bia.pdf\" target=\"_blank\">Le programme du BIA sur le site du Minist\u00e8re de l\u2019Education Nationale<\/a>&nbsp;: tapez BIA dans le moteur de recherche <\/p>\n\n\n\n<p class=\"has-medium-font-size\"><strong>Aujourd\u2019hui, l\u2019A\u00e9roclub du Plan de Dieu est en convention avec le :<\/strong><\/p>\n\n\n\n<ul class=\"wp-block-list has-medium-font-size\">\n<li>Lyc\u00e9e&nbsp;de l\u2019Arc \u00e0 Orange<\/li>\n\n\n\n<li>Lyc\u00e9e St Luois \u00e0 Orange<\/li>\n\n\n\n<li>Coll\u00e8ge Jean GIONO \u00e0 Orange<\/li>\n\n\n\n<li>Coll\u00e8ge Victor SCHOELCHER \u00e0 Ste C\u00e9cile les Vignes<\/li>\n<\/ul>\n\n\n\n<p class=\"has-medium-font-size\"><strong>L\u2019obtention du BIA permet aux jeunes de moins de 21 ans d\u2019obtenir des bourses de la part F\u00e9d\u00e9ration Fran\u00e7aise A\u00e9ronautique.<\/strong><\/p>\n\n\n\n<p class=\"has-medium-font-size\"><strong>Afin de le soutenir financi\u00e8rement, la FFA offre \u00e0 toute personne de moins de 21 ans ayant r\u00e9ussi ou non le BIA, des bourses d\u2019une somme cons\u00e9quente \u00e0 chaque \u00e9tape, le conduisant vers l\u2019obtention d\u2019un brevet de pilote.<\/strong><\/p>\n","protected":false},"excerpt":{"rendered":"<p>Le Brevet d\u2019Initiation A\u00e9ronautique (BIA) : Le Brevet d\u2019Initiation A\u00e9ronautique (BIA) est un dipl\u00f4me de l\u2019Education Nationale. Il valide un niveau d\u2019initiation \u00e0 la culture scientifique et technique dans le [&hellip;]<\/p>\n","protected":false},"author":1,"featured_media":2521,"parent":0,"menu_order":0,"comment_status":"closed","ping_status":"closed","template":"page-fullwidth.php","meta":{"footnotes":""},"class_list":["post-808","page","type-page","status-publish","has-post-thumbnail","hentry"],"_links":{"self":[{"href":"https:\/\/www.aeroclubduplandedieu.fr\/2021\/wp-json\/wp\/v2\/pages\/808","targetHints":{"allow":["GET"]}}],"collection":[{"href":"https:\/\/www.aeroclubduplandedieu.fr\/2021\/wp-json\/wp\/v2\/pages"}],"about":[{"href":"https:\/\/www.aeroclubduplandedieu.fr\/2021\/wp-json\/wp\/v2\/types\/page"}],"author":[{"embeddable":true,"href":"https:\/\/www.aeroclubduplandedieu.fr\/2021\/wp-json\/wp\/v2\/users\/1"}],"replies":[{"embeddable":true,"href":"https:\/\/www.aeroclubduplandedieu.fr\/2021\/wp-json\/wp\/v2\/comments?post=808"}],"version-history":[{"count":16,"href":"https:\/\/www.aeroclubduplandedieu.fr\/2021\/wp-json\/wp\/v2\/pages\/808\/revisions"}],"predecessor-version":[{"id":4418,"href":"https:\/\/www.aeroclubduplandedieu.fr\/2021\/wp-json\/wp\/v2\/pages\/808\/revisions\/4418"}],"wp:featuredmedia":[{"embeddable":true,"href":"https:\/\/www.aeroclubduplandedieu.fr\/2021\/wp-json\/wp\/v2\/media\/2521"}],"wp:attachment":[{"href":"https:\/\/www.aeroclubduplandedieu.fr\/2021\/wp-json\/wp\/v2\/media?parent=808"}],"curies":[{"name":"wp","href":"https:\/\/api.w.org\/{rel}","templated":true}]}}