{"id":811,"date":"2021-10-27T10:50:10","date_gmt":"2021-10-27T08:50:10","guid":{"rendered":"https:\/\/www.aeroclubduplandedieu.fr\/wordpress\/?page_id=811"},"modified":"2022-01-31T17:52:14","modified_gmt":"2022-01-31T16:52:14","slug":"a-b-l","status":"publish","type":"page","link":"https:\/\/www.aeroclubduplandedieu.fr\/2021\/a-b-l\/","title":{"rendered":"A.B.L."},"content":{"rendered":"\n<p class=\"has-medium-font-size\"><strong>L\u2019ABL (Autorisation de Base LAPL) :<\/strong><\/p>\n\n\n\n<p class=\"has-medium-font-size\">L\u2019ABL est une autorisation de vol int\u00e9gr\u00e9e dans la formation en vue d\u2019obtenir une licence LAPL, qui permet de voler seul \u00e0 bord dans un rayon de 25 Nm (46 km) autour de l\u2019a\u00e9rodrome de d\u00e9part.<\/p>\n\n\n\n<p class=\"has-medium-font-size\">L\u2019acc\u00e8s \u00e0 un ou plusieurs a\u00e9rodromes de d\u00e9gagement \u00e0 condition qu\u2019une ou plusieurs reconnaissances du ou de ces a\u00e9rodromes aient \u00e9t\u00e9 effectu\u00e9es avec un instructeur de vol FI(A).<\/p>\n\n\n\n<p class=\"has-medium-font-size\">Des autorisations additionnelles peuvent \u00eatre appliqu\u00e9es \u00e0 l\u2019ABL comme l\u2019emport passager.<\/p>\n\n\n\n<p class=\"has-medium-font-size\">Conditions minimales pour l\u2019obtention de l\u2019Autorisation de Base LAPL (ABL)&nbsp;:<\/p>\n\n\n\n<ul class=\"has-medium-font-size wp-block-list\"><li>Avoir 16 ans r\u00e9volus le jour de l\u2019examen en vue de l\u2019obtention du brevet<\/li><li>Poss\u00e9der un certificat m\u00e9dical de classe LAPL ou PPL pass\u00e9 aupr\u00e8s d\u2019un m\u00e9decin agr\u00e9\u00e9<\/li><\/ul>\n\n\n\n<ul class=\"has-medium-font-size wp-block-list\"><li>Poss\u00e9der un des examens th\u00e9oriques suivants :<\/li><li>Brevet d\u2019Initiation A\u00e9ronautique (BIA) de moins de 36 mois&nbsp;<\/li><li>Th\u00e9orique LAPL(A) ou PPL(A) de moins de 24 mois<\/li><li>Totaliser un minimum de 6 heures de vol en double commande, et d\u2019au moins 20 atterrissages en tant que pilote seul \u00e0 bord sous supervision d\u2019un instructeur de vol avion FI(A)<\/li><\/ul>\n\n\n\n<p class=\"has-medium-font-size\">Sachez aussi que&nbsp;:<\/p>\n\n\n\n<p class=\"has-medium-font-size\">L\u2019ABL peut concerner tous les El\u00e8ves Pilotes (+ de 16 ans) sans limite d\u2019\u00e2ge sup\u00e9rieure.<\/p>\n\n\n\n<p class=\"has-medium-font-size\"><strong>Les bourses&nbsp;:<\/strong><\/p>\n\n\n\n<p class=\"has-medium-font-size\"><strong>L\u2019El\u00e8ve Pilote de moins de 21 ans peut b\u00e9n\u00e9ficier de bourses f\u00e9d\u00e9rales d\u00e9livr\u00e9es par la F\u00e9d\u00e9ration Fran\u00e7aise A\u00e9ronautique.<\/strong><\/p>\n\n\n\n<figure class=\"wp-block-image size-full is-resized is-style-rounded\"><img loading=\"lazy\" decoding=\"async\" src=\"https:\/\/www.aeroclubduplandedieu.fr\/wordpress\/wp-content\/uploads\/2021\/10\/logo-ffa.jpg\" alt=\"\" class=\"wp-image-901\" width=\"108\" height=\"108\" srcset=\"https:\/\/www.aeroclubduplandedieu.fr\/wordpress\/wp-content\/uploads\/2021\/10\/logo-ffa.jpg 400w, https:\/\/www.aeroclubduplandedieu.fr\/wordpress\/wp-content\/uploads\/2021\/10\/logo-ffa-300x300.jpg 300w, https:\/\/www.aeroclubduplandedieu.fr\/wordpress\/wp-content\/uploads\/2021\/10\/logo-ffa-150x150.jpg 150w\" sizes=\"auto, (max-width: 108px) 100vw, 108px\" \/><\/figure>\n\n\n\n<figure class=\"wp-block-table has-medium-font-size\"><table><tbody><tr><td><strong>1<sup>er<\/sup>&nbsp;l\u00e2ch\u00e9 solo<\/strong><\/td><td><strong>335\u20ac00<\/strong><\/td><\/tr><tr><td><strong>ABL<\/strong><\/td><td><strong>335\u20ac00<\/strong><\/td><\/tr><tr><td><strong>ABL + BIA<\/strong><\/td><td><strong>500\u20ac00<\/strong><\/td><\/tr><\/tbody><\/table><\/figure>\n\n\n\n<p><\/p>\n","protected":false},"excerpt":{"rendered":"<p>L\u2019ABL (Autorisation de Base LAPL) : L\u2019ABL est une autorisation de vol int\u00e9gr\u00e9e dans la formation en vue d\u2019obtenir une licence LAPL, qui permet de voler seul \u00e0 bord dans [&hellip;]<\/p>\n","protected":false},"author":1,"featured_media":495,"parent":0,"menu_order":0,"comment_status":"closed","ping_status":"closed","template":"page-fullwidth.php","meta":{"footnotes":""},"class_list":["post-811","page","type-page","status-publish","has-post-thumbnail","hentry"],"_links":{"self":[{"href":"https:\/\/www.aeroclubduplandedieu.fr\/2021\/wp-json\/wp\/v2\/pages\/811","targetHints":{"allow":["GET"]}}],"collection":[{"href":"https:\/\/www.aeroclubduplandedieu.fr\/2021\/wp-json\/wp\/v2\/pages"}],"about":[{"href":"https:\/\/www.aeroclubduplandedieu.fr\/2021\/wp-json\/wp\/v2\/types\/page"}],"author":[{"embeddable":true,"href":"https:\/\/www.aeroclubduplandedieu.fr\/2021\/wp-json\/wp\/v2\/users\/1"}],"replies":[{"embeddable":true,"href":"https:\/\/www.aeroclubduplandedieu.fr\/2021\/wp-json\/wp\/v2\/comments?post=811"}],"version-history":[{"count":4,"href":"https:\/\/www.aeroclubduplandedieu.fr\/2021\/wp-json\/wp\/v2\/pages\/811\/revisions"}],"predecessor-version":[{"id":1926,"href":"https:\/\/www.aeroclubduplandedieu.fr\/2021\/wp-json\/wp\/v2\/pages\/811\/revisions\/1926"}],"wp:featuredmedia":[{"embeddable":true,"href":"https:\/\/www.aeroclubduplandedieu.fr\/2021\/wp-json\/wp\/v2\/media\/495"}],"wp:attachment":[{"href":"https:\/\/www.aeroclubduplandedieu.fr\/2021\/wp-json\/wp\/v2\/media?parent=811"}],"curies":[{"name":"wp","href":"https:\/\/api.w.org\/{rel}","templated":true}]}}