{"id":818,"date":"2021-10-27T10:58:16","date_gmt":"2021-10-27T08:58:16","guid":{"rendered":"https:\/\/www.aeroclubduplandedieu.fr\/wordpress\/?page_id=818"},"modified":"2022-01-31T17:54:31","modified_gmt":"2022-01-31T16:54:31","slug":"p-p-l","status":"publish","type":"page","link":"https:\/\/www.aeroclubduplandedieu.fr\/2021\/p-p-l\/","title":{"rendered":"P.P.L."},"content":{"rendered":"\n<p class=\"has-medium-font-size\"><strong>Private Pilot Licence PPL -licence de pilote priv\u00e9<\/strong><\/p>\n\n\n<p><span style=\"font-size: 18pt;\">Les privil\u00e8ges du P.P.L.<\/span><\/p>\n\n\n<div class=\"wp-block-media-text alignwide is-stacked-on-mobile\" style=\"grid-template-columns:29% auto\"><figure class=\"wp-block-media-text__media\"><img loading=\"lazy\" decoding=\"async\" width=\"1024\" height=\"740\" src=\"https:\/\/www.aeroclubduplandedieu.fr\/wordpress\/wp-content\/uploads\/2021\/07\/2021_A115_091_K_001_112-1024x740.jpg\" alt=\"\" class=\"wp-image-500 size-full\" srcset=\"https:\/\/www.aeroclubduplandedieu.fr\/wordpress\/wp-content\/uploads\/2021\/07\/2021_A115_091_K_001_112-1024x740.jpg 1024w, https:\/\/www.aeroclubduplandedieu.fr\/wordpress\/wp-content\/uploads\/2021\/07\/2021_A115_091_K_001_112-300x217.jpg 300w, https:\/\/www.aeroclubduplandedieu.fr\/wordpress\/wp-content\/uploads\/2021\/07\/2021_A115_091_K_001_112-768x555.jpg 768w, https:\/\/www.aeroclubduplandedieu.fr\/wordpress\/wp-content\/uploads\/2021\/07\/2021_A115_091_K_001_112-1536x1109.jpg 1536w, https:\/\/www.aeroclubduplandedieu.fr\/wordpress\/wp-content\/uploads\/2021\/07\/2021_A115_091_K_001_112-2048x1479.jpg 2048w\" sizes=\"auto, (max-width: 1024px) 100vw, 1024px\" \/><\/figure><div class=\"wp-block-media-text__content\">\n<ul class=\"has-medium-font-size wp-block-list\"><li>La licence PPL&nbsp;vous permet de voler&nbsp;d\u00e8s 17 ans&nbsp;avec les privil\u00e8ges suivants :<ul><li>Emmener des passagers sans r\u00e9mun\u00e9ration<\/li><li>Partout en France<\/li><li>Dans le monde sous r\u00e9serve de poss\u00e9der la qualification FCL .055<\/li><li>En utilisant des avions monomoteurs \u00e0 pistons (Qualification SEP), d\u2019une masse maximum de 2,7 T.<\/li><\/ul><\/li><\/ul>\n<\/div><\/div>\n\n\n<p><span style=\"font-size: 18pt;\">La formation :<\/span><\/p>\n\n\n<div class=\"wp-block-media-text alignwide is-stacked-on-mobile\" style=\"grid-template-columns:24% auto\"><figure class=\"wp-block-media-text__media\"><img loading=\"lazy\" decoding=\"async\" width=\"1024\" height=\"768\" src=\"https:\/\/www.aeroclubduplandedieu.fr\/wordpress\/wp-content\/uploads\/2021\/05\/DYCR1527-2-1024x768.jpg\" alt=\"\" class=\"wp-image-287 size-full\" srcset=\"https:\/\/www.aeroclubduplandedieu.fr\/wordpress\/wp-content\/uploads\/2021\/05\/DYCR1527-2-1024x768.jpg 1024w, https:\/\/www.aeroclubduplandedieu.fr\/wordpress\/wp-content\/uploads\/2021\/05\/DYCR1527-2-600x450.jpg 600w, https:\/\/www.aeroclubduplandedieu.fr\/wordpress\/wp-content\/uploads\/2021\/05\/DYCR1527-2-300x225.jpg 300w, https:\/\/www.aeroclubduplandedieu.fr\/wordpress\/wp-content\/uploads\/2021\/05\/DYCR1527-2-768x576.jpg 768w, https:\/\/www.aeroclubduplandedieu.fr\/wordpress\/wp-content\/uploads\/2021\/05\/DYCR1527-2-1536x1152.jpg 1536w, https:\/\/www.aeroclubduplandedieu.fr\/wordpress\/wp-content\/uploads\/2021\/05\/DYCR1527-2.jpg 1600w\" sizes=\"auto, (max-width: 1024px) 100vw, 1024px\" \/><\/figure><div class=\"wp-block-media-text__content\">\n<ul class=\"wp-block-list\"><li>Elle comprend une partie th\u00e9orique et une partie pratique.<ul><li>Quand votre instructeur estimera que vous \u00eates pr\u00eat, il vous inscrira, dans un premier temps, \u00e0 l\u2019examen th\u00e9orique, puis, dans un second temps, \u00e0 l\u2019examen pratique.<\/li><li>Pour satisfaire \u00e0 l\u2019\u00e9preuve pratique  un candidat doit avoir :<ul><li>Pass\u00e9 l\u2019\u00e9preuve th\u00e9orique avec succ\u00e8s<\/li><li>Un&nbsp;certificat m\u00e9dical de classe 2 valide<\/li><li>Avoir 17 ans r\u00e9volus le jour de l\u2019examen pratique<\/li><li>Totaliser au moins <\/li><li>45 heures de vol dont au moins 25 heures de vol en double commande <\/li><li>10 heures de vol en solo supervis\u00e9&nbsp;comportant au minimum 5 heures de vol en campagne en solo <\/li><li>avec au moins 1 vol en campagne d\u2019un minimum de 270 km (150 NM), au cours duquel 1 atterrissage avec arr\u00eat complet doit \u00eatre effectu\u00e9 sur 2 a\u00e9rodromes autres que l\u2019a\u00e9rodrome de d\u00e9part.<\/li><\/ul><\/li><\/ul><\/li><\/ul>\n<\/div><\/div>\n\n\n<p><\/p>\n<p><span style=\"font-size: 18pt;\">Le renouvellement de la qualification<\/span><\/p>\n<ul>\n<li><span style=\"font-size: 14pt;\">La licence PPL est acquise \u00e0 vie. La qualification SEP (Single Engine Piston) est valable deux ans.<\/span><br><span style=\"font-size: 14pt;\">Pour proroger, il faut :<\/span>\n<ul>\n<li><span style=\"font-size: 14pt;\">Justifier de 12 heures de vol au cours des 12 derniers mois dont 1 heure avec un instructeur FI<\/span><\/li>\n<li><span style=\"font-size: 14pt;\">Sur ces 12 heures de vol, 6 heures auront d\u00fb \u00eatre r\u00e9alis\u00e9es en tant que Commandant de Bord<\/span><\/li>\n<li><span style=\"font-size: 14pt;\">Et vous devrez avoir effectu\u00e9 12 d\u00e9collages et 12 atterrissages.<\/span><\/li>\n<\/ul>\n<\/li>\n<\/ul>\n<p><span style=\"font-size: 18pt;\">Les bourses FFA :<\/span><\/p>\n\n\n<div class=\"wp-block-media-text alignwide is-stacked-on-mobile\" style=\"grid-template-columns:22% auto\"><figure class=\"wp-block-media-text__media\"><img loading=\"lazy\" decoding=\"async\" width=\"400\" height=\"400\" src=\"https:\/\/www.aeroclubduplandedieu.fr\/wordpress\/wp-content\/uploads\/2021\/10\/logo-ffa.jpg\" alt=\"\" class=\"wp-image-901 size-full\" srcset=\"https:\/\/www.aeroclubduplandedieu.fr\/wordpress\/wp-content\/uploads\/2021\/10\/logo-ffa.jpg 400w, https:\/\/www.aeroclubduplandedieu.fr\/wordpress\/wp-content\/uploads\/2021\/10\/logo-ffa-300x300.jpg 300w, https:\/\/www.aeroclubduplandedieu.fr\/wordpress\/wp-content\/uploads\/2021\/10\/logo-ffa-150x150.jpg 150w\" sizes=\"auto, (max-width: 400px) 100vw, 400px\" \/><\/figure><div class=\"wp-block-media-text__content\">\n<ul class=\"has-medium-font-size wp-block-list\"><li><em>1<sup>er<\/sup>&nbsp;l\u00e2ch\u00e9 solo<\/em>            335\u20ac<\/li><li><em>ABL                           335\u20ac<\/em><\/li><li><em>ABL+BIA                    500\u20ac<\/em><\/li><li><strong>Th\u00e9orique PPL +BIA    75\u20ac<\/strong><\/li><li><strong> PPL complet              670\u20ac (non cumula<\/strong>ble avec LAPL)<\/li><\/ul>\n<\/div><\/div>\n\n\n\n<p><\/p>\n","protected":false},"excerpt":{"rendered":"<p>Private Pilot Licence PPL -licence de pilote priv\u00e9 Les privil\u00e8ges du P.P.L. La licence PPL&nbsp;vous permet de voler&nbsp;d\u00e8s 17 ans&nbsp;avec les privil\u00e8ges suivants : Emmener des passagers sans r\u00e9mun\u00e9ration Partout [&hellip;]<\/p>\n","protected":false},"author":1,"featured_media":1698,"parent":0,"menu_order":0,"comment_status":"closed","ping_status":"closed","template":"page-fullwidth.php","meta":{"footnotes":""},"class_list":["post-818","page","type-page","status-publish","has-post-thumbnail","hentry"],"_links":{"self":[{"href":"https:\/\/www.aeroclubduplandedieu.fr\/2021\/wp-json\/wp\/v2\/pages\/818","targetHints":{"allow":["GET"]}}],"collection":[{"href":"https:\/\/www.aeroclubduplandedieu.fr\/2021\/wp-json\/wp\/v2\/pages"}],"about":[{"href":"https:\/\/www.aeroclubduplandedieu.fr\/2021\/wp-json\/wp\/v2\/types\/page"}],"author":[{"embeddable":true,"href":"https:\/\/www.aeroclubduplandedieu.fr\/2021\/wp-json\/wp\/v2\/users\/1"}],"replies":[{"embeddable":true,"href":"https:\/\/www.aeroclubduplandedieu.fr\/2021\/wp-json\/wp\/v2\/comments?post=818"}],"version-history":[{"count":23,"href":"https:\/\/www.aeroclubduplandedieu.fr\/2021\/wp-json\/wp\/v2\/pages\/818\/revisions"}],"predecessor-version":[{"id":2044,"href":"https:\/\/www.aeroclubduplandedieu.fr\/2021\/wp-json\/wp\/v2\/pages\/818\/revisions\/2044"}],"wp:featuredmedia":[{"embeddable":true,"href":"https:\/\/www.aeroclubduplandedieu.fr\/2021\/wp-json\/wp\/v2\/media\/1698"}],"wp:attachment":[{"href":"https:\/\/www.aeroclubduplandedieu.fr\/2021\/wp-json\/wp\/v2\/media?parent=818"}],"curies":[{"name":"wp","href":"https:\/\/api.w.org\/{rel}","templated":true}]}}