{"id":821,"date":"2021-10-27T11:00:56","date_gmt":"2021-10-27T09:00:56","guid":{"rendered":"https:\/\/www.aeroclubduplandedieu.fr\/wordpress\/?page_id=821"},"modified":"2024-07-03T11:13:34","modified_gmt":"2024-07-03T09:13:34","slug":"formation-theorique","status":"publish","type":"page","link":"https:\/\/www.aeroclubduplandedieu.fr\/2021\/formation-theorique\/","title":{"rendered":"Formation th\u00e9orique"},"content":{"rendered":"\n<div class=\"wp-block-media-text alignwide is-stacked-on-mobile\" style=\"grid-template-columns:41% auto\"><figure class=\"wp-block-media-text__media\"><img loading=\"lazy\" decoding=\"async\" width=\"324\" height=\"155\" src=\"https:\/\/www.aeroclubduplandedieu.fr\/wordpress\/wp-content\/uploads\/2022\/02\/FORMATION-TH2ORIQUE.jpg\" alt=\"\" class=\"wp-image-2141 size-full\" srcset=\"https:\/\/www.aeroclubduplandedieu.fr\/wordpress\/wp-content\/uploads\/2022\/02\/FORMATION-TH2ORIQUE.jpg 324w, https:\/\/www.aeroclubduplandedieu.fr\/wordpress\/wp-content\/uploads\/2022\/02\/FORMATION-TH2ORIQUE-300x144.jpg 300w\" sizes=\"auto, (max-width: 324px) 100vw, 324px\" \/><\/figure><div class=\"wp-block-media-text__content\">\n<p class=\"has-medium-font-size\"><strong>La Formation th\u00e9orique avec A\u00e9rogligli&nbsp;:<\/strong><\/p>\n\n\n\n<p class=\"has-medium-font-size\"><strong>En plus des briefings longs effectu\u00e9s par l\u2019instructeur, le programme th\u00e9orique est dispens\u00e9 en distanciel par A\u00e9rogligli<\/strong>&nbsp;(<strong>organisme de formation<\/strong>&nbsp;<strong>agr\u00e9\u00e9 DGAC FR.ATO.0221).<\/strong>&nbsp;<a href=\"https:\/\/www.aerogligli.fr\/\" target=\"_blank\" rel=\"noreferrer noopener\">https:\/\/www.aerogligli.fr\/<\/a><\/p>\n<\/div><\/div>\n\n\n\n<p class=\"has-medium-font-size\">AEROGLIGLI est la r\u00e9union de comp\u00e9tences reconnues dans le milieu de la formation a\u00e9ronautique en ligne : CHEZ GLIGLI  et CTAERO, une comp\u00e9tence et un s\u00e9rieux reconnus depuis plus de 20 ans.<\/p>\n\n\n\n<p class=\"has-medium-font-size\"><strong>En vous inscrivant par l&rsquo;interm\u00e9daire de l&rsquo;a\u00e9roclub du Plan de Dieu, vous b\u00e9n\u00e9ficierez de conditions financi\u00e8res avantageuses.<\/strong><\/p>\n\n\n\n<p class=\"has-medium-font-size\">Francis MARCHAND et Patrick TORNARE, tous deux instructeurs, ont d\u00e9velopp\u00e9 chacun des contenus p\u00e9dagogiques qui ne pouvaient que s\u2019associer pour offrir une formation compl\u00e8te qui est, probablement la meilleure formation th\u00e9orique du pilote priv\u00e9 en langue fran\u00e7aise !<\/p>\n\n\n\n<p class=\"has-medium-font-size\">En associant \u00e9troitement les cours de Patrick avec les QCM de Francis dans un parcours p\u00e9dagogique, accompagn\u00e9s d\u2019autres ressources telles que des vid\u00e9os, des fiches r\u00e9capitulatives, des animations interactives, etc., AEROGLIGLI propose aux candidats \u00e0 l\u2019examen th\u00e9orique LAPL\/PPL Avion, \u00e0 l\u2019examen th\u00e9orique ULM et au Brevet d\u2019Initiation A\u00e9ronautique (BIA), les connaissances n\u00e9cessaires et les r\u00e9ponses \u00e0 ses questions.<\/p>\n\n\n\n<p class=\"has-medium-font-size\">L\u2019a\u00e9roclub dispose d\u2019une interface de gestion, qui lui permet de suivre et d\u2019accompagner l\u2019apprentissage des \u00e9l\u00e8ves : temps de formation, scores aux QCM, progression, etc.<\/p>\n\n\n\n<p class=\"has-medium-font-size\">Les pilotes brevet\u00e9s peuvent \u00e9galement b\u00e9n\u00e9ficier de cours de perfectionnement adapt\u00e9s \u00e0 leur maintien de comp\u00e9tences. <\/p>\n\n\n\n<p class=\"has-medium-font-size\">L&rsquo;a\u00e9roclub du Plan de Dieu est Centre d&rsquo;Examen Habilit\u00e9 par la FFA. Vous pourrez vous pr\u00e9senter aux \u00e9preuves dans les locaux de l&rsquo;a\u00e9roclub sous la surveillance de personnes habilit\u00e9es.<\/p>\n","protected":false},"excerpt":{"rendered":"<p>La Formation th\u00e9orique avec A\u00e9rogligli&nbsp;: En plus des briefings longs effectu\u00e9s par l\u2019instructeur, le programme th\u00e9orique est dispens\u00e9 en distanciel par A\u00e9rogligli&nbsp;(organisme de formation&nbsp;agr\u00e9\u00e9 DGAC FR.ATO.0221).&nbsp;https:\/\/www.aerogligli.fr\/ AEROGLIGLI est la r\u00e9union [&hellip;]<\/p>\n","protected":false},"author":1,"featured_media":491,"parent":0,"menu_order":0,"comment_status":"closed","ping_status":"closed","template":"page-fullwidth.php","meta":{"footnotes":""},"class_list":["post-821","page","type-page","status-publish","has-post-thumbnail","hentry"],"_links":{"self":[{"href":"https:\/\/www.aeroclubduplandedieu.fr\/2021\/wp-json\/wp\/v2\/pages\/821","targetHints":{"allow":["GET"]}}],"collection":[{"href":"https:\/\/www.aeroclubduplandedieu.fr\/2021\/wp-json\/wp\/v2\/pages"}],"about":[{"href":"https:\/\/www.aeroclubduplandedieu.fr\/2021\/wp-json\/wp\/v2\/types\/page"}],"author":[{"embeddable":true,"href":"https:\/\/www.aeroclubduplandedieu.fr\/2021\/wp-json\/wp\/v2\/users\/1"}],"replies":[{"embeddable":true,"href":"https:\/\/www.aeroclubduplandedieu.fr\/2021\/wp-json\/wp\/v2\/comments?post=821"}],"version-history":[{"count":11,"href":"https:\/\/www.aeroclubduplandedieu.fr\/2021\/wp-json\/wp\/v2\/pages\/821\/revisions"}],"predecessor-version":[{"id":3551,"href":"https:\/\/www.aeroclubduplandedieu.fr\/2021\/wp-json\/wp\/v2\/pages\/821\/revisions\/3551"}],"wp:featuredmedia":[{"embeddable":true,"href":"https:\/\/www.aeroclubduplandedieu.fr\/2021\/wp-json\/wp\/v2\/media\/491"}],"wp:attachment":[{"href":"https:\/\/www.aeroclubduplandedieu.fr\/2021\/wp-json\/wp\/v2\/media?parent=821"}],"curies":[{"name":"wp","href":"https:\/\/api.w.org\/{rel}","templated":true}]}}